{"id":1375,"date":"2017-10-02T11:56:06","date_gmt":"2017-10-02T09:56:06","guid":{"rendered":"http:\/\/www.piedicavalloinfo.it\/wordpress\/?page_id=1375"},"modified":"2019-07-25T14:38:49","modified_gmt":"2019-07-25T12:38:49","slug":"lago-riazzale","status":"publish","type":"page","link":"http:\/\/www.piedicavalloinfo.it\/wordpress\/lago-riazzale\/","title":{"rendered":"lago riazzale"},"content":{"rendered":"<p>[et_pb_section bb_built=&#8221;1&#8243; admin_label=&#8221;section&#8221; _builder_version=&#8221;3.17.1&#8243; background_image=&#8221;http:\/\/www.piedicavalloinfo.it\/wordpress\/wp-content\/uploads\/2018\/02\/59.jpg&#8221; next_background_color=&#8221;#ffffff&#8221;][et_pb_row admin_label=&#8221;row&#8221; custom_padding=&#8221;21.5167px|0px|145px|0px|false|false&#8221; _builder_version=&#8221;3.0.48&#8243; background_size=&#8221;initial&#8221; background_position=&#8221;top_left&#8221; background_repeat=&#8221;repeat&#8221;][et_pb_column type=&#8221;4_4&#8243;][et_pb_text admin_label=&#8221;Text&#8221; _builder_version=&#8221;3.0.74&#8243; background_size=&#8221;initial&#8221; background_position=&#8221;top_left&#8221; background_repeat=&#8221;repeat&#8221; inline_fonts=&#8221;Lobster Two&#8221;]<\/p>\n<h3 style=\"text-align: right;\"><span style=\"color: #ffffff;\"><strong>alpe Mologna Piccola superiore<\/strong><\/span><\/h3>\n<p>[\/et_pb_text][\/et_pb_column][\/et_pb_row][\/et_pb_section][et_pb_section bb_built=&#8221;1&#8243; admin_label=&#8221;section&#8221; _builder_version=&#8221;3.0.47&#8243; prev_background_color=&#8221;#000000&#8243;][et_pb_row admin_label=&#8221;row&#8221; custom_padding=&#8221;21.5167px|0px|2px|0px|false|false&#8221; _builder_version=&#8221;3.0.48&#8243; background_size=&#8221;initial&#8221; background_position=&#8221;top_left&#8221; background_repeat=&#8221;repeat&#8221;][et_pb_column type=&#8221;4_4&#8243;][et_pb_text admin_label=&#8221;Text&#8221; _builder_version=&#8221;3.17.1&#8243; background_size=&#8221;initial&#8221; background_position=&#8221;top_left&#8221; background_repeat=&#8221;repeat&#8221; inline_fonts=&#8221;Lobster Two&#8221;]<\/p>\n<h3 style=\"text-align: left;\"><span style=\"color: #f9912c;\"><strong>Lago Riazzale &#8211; 2040 m e colletto della Bosa &#8211; 2150 m <\/strong><\/span><\/h3>\n<p>[\/et_pb_text][\/et_pb_column][\/et_pb_row][et_pb_row admin_label=&#8221;row&#8221; custom_padding=&#8221;0|0px|21.5167px|0px|false|false&#8221; _builder_version=&#8221;3.0.48&#8243; background_size=&#8221;initial&#8221; background_position=&#8221;top_left&#8221; background_repeat=&#8221;repeat&#8221;][et_pb_column type=&#8221;4_4&#8243;][et_pb_text admin_label=&#8221;Text&#8221; _builder_version=&#8221;3.0.74&#8243; background_size=&#8221;initial&#8221; background_position=&#8221;top_left&#8221; background_repeat=&#8221;repeat&#8221; inline_fonts=&#8221;Lobster Two&#8221;]<\/p>\n<p style=\"text-align: justify;\"><em>Piacevole e appagante escursione all&#8217;amena conca del Lago Riazzale, piccolo specchio d&#8217;acqua dai magici riflessi. La sovrastante <strong>punta Serange<\/strong> \u00e8 la cima posta sullo spartiacque con la valle di Gressoney con l&#8217;accesso pi\u00f9 breve da Piedicavallo.<\/em><\/p>\n<p><strong>partenza da:<\/strong> Piedicavallo <strong>dislivello:<\/strong> 1113 m <strong>tempo di percorrenza:<\/strong> ore 3.10 <strong>segnavia<\/strong>: mulattiera e sentiero E60 &#8211; E65 &#8211; E66 &#8211; E69, tracce <strong>Accesso e parcheggio: <\/strong>Da Biella, con la strada provinciale SP100, si giunge a Piedicavallo in 18 chilometri. Prima di entrare in paese si imbocca a sinistra la circonvallazione e si perviene al capiente parcheggio posto in prossimit\u00e0 del Parco Ravere (1037 m). [\/et_pb_text][\/et_pb_column][\/et_pb_row][et_pb_row admin_label=&#8221;row&#8221; _builder_version=&#8221;3.0.48&#8243; background_size=&#8221;initial&#8221; background_position=&#8221;top_left&#8221; background_repeat=&#8221;repeat&#8221;][et_pb_column type=&#8221;4_4&#8243;][et_pb_text admin_label=&#8221;Text&#8221; _builder_version=&#8221;3.0.74&#8243; background_size=&#8221;initial&#8221; background_position=&#8221;top_left&#8221; background_repeat=&#8221;repeat&#8221; inline_fonts=&#8221;Lobster Two&#8221;]<\/p>\n<h4 style=\"text-align: justify;\"><span style=\"color: #047f04;\"><strong>Percorso<\/strong><\/span><\/h4>\n<p style=\"text-align: justify;\">Dal piazzale del parco Ravere si sale all&#8217;ultima piazza carrozzabile di Piedicavallo (1037 m). Lasciata a sinistra la mulattiera per il <span style=\"text-decoration: underline;\"><a href=\"http:\/\/www.piedicavalloinfo.it\/wordpress\/rifugio-lago-e-colle-della-vecchia\/\">Lago della Vecchia<\/a><\/span>, si sale diritto seguendo la via pi\u00f9 ampia e passando tra le case si giunge, dopo aver percorso un ultimo tratto in leggera discesa, ad attraversare un ponte in ferro e legno sul torrente Mologna.<\/p>\n<p style=\"text-align: justify;\">Seguendo le indicazioni (<strong>E60-rifugio Rivetti GTA<\/strong>), si volta a sinistra e in breve si incrocia la mulattiera principale (via Mologna) che proviene dalla piazza della chiesa parrocchiale (possibile alternativa in caso si sia parcheggiata la vettura lungo la circonvallazione del paese). Proseguendo sulla mulattiera, lasciata a destra la bianca costruzione del <strong>Mulino<\/strong> e superato un ponticello in legno, si entra nel bosco. Con un breve tratto pi\u00f9 erto, lungo il quale la via \u00e8 protetta da una mancorrente in ferro, si perviene a un vecchio un pilone votivo.<br \/>\nSi prosegue per poco a moderata pendenza; poi, si riprende a salire giungendo in breve alle caratteristiche <strong>baite del Mont\u00e9<\/strong> (1250 m ca.). Passati tra le case, la mulattiera (sempre ottimamente conservata) prosegue tra due muretti a secco e giunge al bivio dove si stacca a sinistra il <strong>sentiero E61<\/strong> che, attraversato il Mologna su di un ponte di pietra, porta dapprima alle vicine baite dell&#8217;<strong>alpe Le Piane<\/strong> e successivamente al <span style=\"text-decoration: underline;\"><a href=\"http:\/\/www.piedicavalloinfo.it\/wordpress\/colle-cunetta-e-punta-solivo\/\">Colle Cunetta<\/a><\/span> (ore 0.30).<\/p>\n<p style=\"text-align: justify;\">Restando alla sinistra idrografica del torrente si continua a pendenza moderata lungo l\u2019ampia via che raggiunge e percorre pendii pi\u00f9 aperti, dove lo sguardo si apre sulla testata del vallone con al centro l\u2019ampio <span style=\"text-decoration: underline;\"><a href=\"http:\/\/www.piedicavalloinfo.it\/wordpress\/rivetti-tre-vescovi\/\">colle della Mologna Grande<\/a><\/span>. Lasciato sulla destra l&#8217;<strong>ex rifugio Olimpia<\/strong>, si perviene all\u2019<strong>alpe Anval superiore<\/strong> (1643 m) dove \u00e8 posto un importante bivio (ore 0.50, tot. ore 1.20). Si trascura l&#8217;evidente sentiero che sale al rifugio Rivetti (E60) e si continua sulla centenaria mulattiera per il <span style=\"text-decoration: underline;\"><a href=\"http:\/\/www.piedicavalloinfo.it\/wordpress\/colle-mologna-piccola\/\">colle della Mologna Piccola<\/a><\/span> che prosegue verso sinistra contrassegnata con il <strong>segnavia E65<\/strong>. Pochi metri e si guada il <strong>torrente Mologna<\/strong>, qui ridotto a modesto rio, e si inizia a salire a tornanti, guadagnando rapidamente quota.<br \/>\nSi attraversa il corso d&#8217;acqua che discende dalla ripida valletta culminante con il colle della Mologna Piccola e si percorre un lungo tratto ascendente verso sinistra attraversando una ampia pietraia con caratteristiche rocce di colore rossiccio, denominato <em>&#8220;ciapei rus&#8221;<\/em>.<\/p>\n<p style=\"text-align: justify;\">Al termine della lunga diagonale si raggiunge l&#8217;ennesimo tornante (1780 m ca.) (ore 0.30, tot. ore 1.50) dove si stacca sulla sinistra il <strong>sentiero E66<\/strong> che sale la seconda valletta della Mologna Piccola. Si abbandona la mulattiera e si sale a sinistra la seconda valletta della Mologna Piccola, seguendo il sentiero segnalato E66 che, in breve, porta all&#8217;Alpe Mologna Piccola Inferiore (1910 m).<br \/>\nDalla baita si sale direttamente un ripido pendio erboso; dopodich\u00e9 ci si sposta verso destra in direzione del caratteristico intaglio del <strong>passo delle Capre<\/strong>, posto in un frastagliato tratto roccioso del crinale che divide le due vallette della Mologna Piccola e dal quale proviene il sentiero della <span style=\"text-decoration: underline;\"><a href=\"http:\/\/www.piedicavalloinfo.it\/wordpress\/vecchia-rivetti\/\">traversata Rivetti-Vecchia<\/a><\/span> (E69). Un centinaio di metri prima del passo si incrocia il nuovo segnavia e bisogna porre attenzione a invertire il senso di marcia per imboccare il sentiero che, meno evidente, continua verso sinistra.<\/p>\n<p style=\"text-align: justify;\">Spostandosi progressivamente nella nuova direzione, si raggiunge l&#8217;incantevole conca dove sono posti il <strong>Lago Riazzale<\/strong> (2040 m ca.) e la bella <strong>casera dell&#8217;alpe Mologna Piccola Superiore<\/strong> (2069 m) (ore 0.55, tot. ore 2.45).<br \/>\nIl sentiero segnalato non tocca il lago, ma giunge direttamente alla baita che \u00e8 situata una trentina di metri pi\u00f9 in alto; \u00e8 comunque consigliabile scendere fin sulla sponda del lago per ammirare i favolosi riflessi che questo specchio d&#8217;acqua offre verso i <span style=\"text-decoration: underline;\"><a href=\"http:\/\/www.piedicavalloinfo.it\/wordpress\/gemelli-di-mologna\/\">Gemelli di Mologna<\/a><\/span>, la punta Tre Vescovi, il <span style=\"text-decoration: underline;\"><a href=\"http:\/\/www.piedicavalloinfo.it\/wordpress\/colle-ronda\/\">monte Rosso del Croso<\/a><\/span> e la <span style=\"text-decoration: underline;\"><a href=\"http:\/\/www.piedicavalloinfo.it\/wordpress\/cima-di-bo\/\">Cima di Bo<\/a><\/span>.<\/p>\n<p style=\"text-align: justify;\">Dall&#8217;alpe si riprende la salita spostandosi dapprima verso destra e poi verso sinistra, andando ad attraversare quasi in piano la parte alta della valletta, con percorso pittoresco e panoramico dominante il Lago Riazzale. Tra dossi erbosi e fresche acque di ruscelletti, si raggiunge il <strong>laghetto della Bosa<\/strong> e il vicino omonimo <strong>colletto<\/strong> (2150 m circa), posto sulla cresta che costituisce il displuvio tra il vallone della Mologna e quello dell&#8217;Ambruse, tributario di quello del Cervo. Qui, il sentiero della traversata Vecchia &#8211; Rivetti cambia numerazione e da E69 diventa E59 (ore 0.25, tot. ore 3.10).<\/p>\n<p>[\/et_pb_text][\/et_pb_column][\/et_pb_row][et_pb_row custom_padding=&#8221;21.5167px|0px|0|0px|false|false&#8221; module_class=&#8221;et_pb_gutters1 et_pb_row_fullwidth&#8221; _builder_version=&#8221;3.0.48&#8243; background_size=&#8221;initial&#8221; background_position=&#8221;top_left&#8221; background_repeat=&#8221;repeat&#8221;][et_pb_column type=&#8221;4_4&#8243;][et_pb_gallery gallery_ids=&#8221;2108,2107,2106,2105,2103,2102,1992,1989,1990,1991,1988,2110&#8243; posts_number=&#8221;12&#8243; show_title_and_caption=&#8221;off&#8221; _builder_version=&#8221;3.0.47&#8243; \/][\/et_pb_column][\/et_pb_row][\/et_pb_section]<\/p>\n","protected":false},"excerpt":{"rendered":"<p>alpe Mologna Piccola superiore Lago Riazzale &#8211; 2040 m e colletto della Bosa &#8211; 2150 m Piacevole e appagante escursione all&#8217;amena conca del Lago Riazzale, piccolo specchio d&#8217;acqua dai magici riflessi. La sovrastante punta Serange \u00e8 la cima posta sullo spartiacque con la valle di Gressoney con l&#8217;accesso pi\u00f9 breve da Piedicavallo. partenza da: Piedicavallo [&hellip;]<\/p>\n","protected":false},"author":1,"featured_media":5244,"parent":0,"menu_order":0,"comment_status":"closed","ping_status":"closed","template":"","meta":{"_et_pb_use_builder":"on","_et_pb_old_content":"","_et_gb_content_width":"","om_disable_all_campaigns":false,"_monsterinsights_skip_tracking":false,"_monsterinsights_sitenote_active":false,"_monsterinsights_sitenote_note":"","_monsterinsights_sitenote_category":0,"_uf_show_specific_survey":0,"_uf_disable_surveys":false},"aioseo_notices":[],"yoast_head":"<!-- This site is optimized with the Yoast SEO plugin v21.8 - https:\/\/yoast.com\/wordpress\/plugins\/seo\/ -->\n<title>Lago Riazzale: escursioni in montagna | Piedicavalloinfo<\/title>\n<meta name=\"description\" content=\"Se state cercando un piccolo pezzo di paradiso, non potete non spingervi in una gita al lago Riazzale. Raggiungibile in 3 ore, da Piedicavallo.\" \/>\n<meta name=\"robots\" content=\"index, follow, max-snippet:-1, max-image-preview:large, max-video-preview:-1\" \/>\n<link rel=\"canonical\" href=\"http:\/\/www.piedicavalloinfo.it\/wordpress\/lago-riazzale\/\" \/>\n<meta property=\"og:locale\" content=\"it_IT\" \/>\n<meta property=\"og:type\" content=\"article\" \/>\n<meta property=\"og:title\" content=\"Lago Riazzale: escursioni in montagna | Piedicavalloinfo\" \/>\n<meta property=\"og:description\" content=\"Se state cercando un piccolo pezzo di paradiso, non potete non spingervi in una gita al lago Riazzale. Raggiungibile in 3 ore, da Piedicavallo.\" \/>\n<meta property=\"og:url\" content=\"http:\/\/www.piedicavalloinfo.it\/wordpress\/lago-riazzale\/\" \/>\n<meta property=\"og:site_name\" content=\"Piedicavallo Info - Il sito turistico\" \/>\n<meta property=\"article:publisher\" content=\"https:\/\/www.facebook.com\/Piedicavalloinfo.it\/\" \/>\n<meta property=\"article:modified_time\" content=\"2019-07-25T12:38:49+00:00\" \/>\n<meta property=\"og:image\" content=\"http:\/\/www.piedicavalloinfo.it\/wordpress\/wp-content\/uploads\/2019\/07\/Progetto-senza-titolo-4.png\" \/>\n\t<meta property=\"og:image:width\" content=\"1200\" \/>\n\t<meta property=\"og:image:height\" content=\"630\" \/>\n\t<meta property=\"og:image:type\" content=\"image\/png\" \/>\n<meta name=\"twitter:card\" content=\"summary_large_image\" \/>\n<meta name=\"twitter:label1\" content=\"Tempo di lettura stimato\" \/>\n\t<meta name=\"twitter:data1\" content=\"6 minuti\" \/>\n<script type=\"application\/ld+json\" class=\"yoast-schema-graph\">{\"@context\":\"https:\/\/schema.org\",\"@graph\":[{\"@type\":\"WebPage\",\"@id\":\"http:\/\/www.piedicavalloinfo.it\/wordpress\/lago-riazzale\/\",\"url\":\"http:\/\/www.piedicavalloinfo.it\/wordpress\/lago-riazzale\/\",\"name\":\"Lago Riazzale: escursioni in montagna | Piedicavalloinfo\",\"isPartOf\":{\"@id\":\"https:\/\/www.piedicavalloinfo.it\/wordpress\/#website\"},\"datePublished\":\"2017-10-02T09:56:06+00:00\",\"dateModified\":\"2019-07-25T12:38:49+00:00\",\"description\":\"Se state cercando un piccolo pezzo di paradiso, non potete non spingervi in una gita al lago Riazzale. Raggiungibile in 3 ore, da Piedicavallo.\",\"breadcrumb\":{\"@id\":\"http:\/\/www.piedicavalloinfo.it\/wordpress\/lago-riazzale\/#breadcrumb\"},\"inLanguage\":\"it-IT\",\"potentialAction\":[{\"@type\":\"ReadAction\",\"target\":[\"http:\/\/www.piedicavalloinfo.it\/wordpress\/lago-riazzale\/\"]}]},{\"@type\":\"BreadcrumbList\",\"@id\":\"http:\/\/www.piedicavalloinfo.it\/wordpress\/lago-riazzale\/#breadcrumb\",\"itemListElement\":[{\"@type\":\"ListItem\",\"position\":1,\"name\":\"Home\",\"item\":\"https:\/\/www.piedicavalloinfo.it\/wordpress\/\"},{\"@type\":\"ListItem\",\"position\":2,\"name\":\"lago riazzale\"}]},{\"@type\":\"WebSite\",\"@id\":\"https:\/\/www.piedicavalloinfo.it\/wordpress\/#website\",\"url\":\"https:\/\/www.piedicavalloinfo.it\/wordpress\/\",\"name\":\"Piedicavallo Info - Il sito turistico\",\"description\":\"\",\"publisher\":{\"@id\":\"https:\/\/www.piedicavalloinfo.it\/wordpress\/#organization\"},\"potentialAction\":[{\"@type\":\"SearchAction\",\"target\":{\"@type\":\"EntryPoint\",\"urlTemplate\":\"https:\/\/www.piedicavalloinfo.it\/wordpress\/?s={search_term_string}\"},\"query-input\":\"required name=search_term_string\"}],\"inLanguage\":\"it-IT\"},{\"@type\":\"Organization\",\"@id\":\"https:\/\/www.piedicavalloinfo.it\/wordpress\/#organization\",\"name\":\"Piedicavallo Info\",\"url\":\"https:\/\/www.piedicavalloinfo.it\/wordpress\/\",\"logo\":{\"@type\":\"ImageObject\",\"inLanguage\":\"it-IT\",\"@id\":\"https:\/\/www.piedicavalloinfo.it\/wordpress\/#\/schema\/logo\/image\/\",\"url\":\"http:\/\/www.piedicavalloinfo.it\/wordpress\/wp-content\/uploads\/2019\/06\/logovers03.png\",\"contentUrl\":\"http:\/\/www.piedicavalloinfo.it\/wordpress\/wp-content\/uploads\/2019\/06\/logovers03.png\",\"width\":406,\"height\":232,\"caption\":\"Piedicavallo Info\"},\"image\":{\"@id\":\"https:\/\/www.piedicavalloinfo.it\/wordpress\/#\/schema\/logo\/image\/\"},\"sameAs\":[\"https:\/\/www.facebook.com\/Piedicavalloinfo.it\/\",\"https:\/\/www.instagram.com\/piedicavalloinfo\/\"]}]}<\/script>\n<!-- \/ Yoast SEO plugin. -->","yoast_head_json":{"title":"Lago Riazzale: escursioni in montagna | Piedicavalloinfo","description":"Se state cercando un piccolo pezzo di paradiso, non potete non spingervi in una gita al lago Riazzale. Raggiungibile in 3 ore, da Piedicavallo.","robots":{"index":"index","follow":"follow","max-snippet":"max-snippet:-1","max-image-preview":"max-image-preview:large","max-video-preview":"max-video-preview:-1"},"canonical":"http:\/\/www.piedicavalloinfo.it\/wordpress\/lago-riazzale\/","og_locale":"it_IT","og_type":"article","og_title":"Lago Riazzale: escursioni in montagna | Piedicavalloinfo","og_description":"Se state cercando un piccolo pezzo di paradiso, non potete non spingervi in una gita al lago Riazzale. Raggiungibile in 3 ore, da Piedicavallo.","og_url":"http:\/\/www.piedicavalloinfo.it\/wordpress\/lago-riazzale\/","og_site_name":"Piedicavallo Info - Il sito turistico","article_publisher":"https:\/\/www.facebook.com\/Piedicavalloinfo.it\/","article_modified_time":"2019-07-25T12:38:49+00:00","og_image":[{"width":1200,"height":630,"url":"http:\/\/www.piedicavalloinfo.it\/wordpress\/wp-content\/uploads\/2019\/07\/Progetto-senza-titolo-4.png","type":"image\/png"}],"twitter_card":"summary_large_image","twitter_misc":{"Tempo di lettura stimato":"6 minuti"},"schema":{"@context":"https:\/\/schema.org","@graph":[{"@type":"WebPage","@id":"http:\/\/www.piedicavalloinfo.it\/wordpress\/lago-riazzale\/","url":"http:\/\/www.piedicavalloinfo.it\/wordpress\/lago-riazzale\/","name":"Lago Riazzale: escursioni in montagna | Piedicavalloinfo","isPartOf":{"@id":"https:\/\/www.piedicavalloinfo.it\/wordpress\/#website"},"datePublished":"2017-10-02T09:56:06+00:00","dateModified":"2019-07-25T12:38:49+00:00","description":"Se state cercando un piccolo pezzo di paradiso, non potete non spingervi in una gita al lago Riazzale. Raggiungibile in 3 ore, da Piedicavallo.","breadcrumb":{"@id":"http:\/\/www.piedicavalloinfo.it\/wordpress\/lago-riazzale\/#breadcrumb"},"inLanguage":"it-IT","potentialAction":[{"@type":"ReadAction","target":["http:\/\/www.piedicavalloinfo.it\/wordpress\/lago-riazzale\/"]}]},{"@type":"BreadcrumbList","@id":"http:\/\/www.piedicavalloinfo.it\/wordpress\/lago-riazzale\/#breadcrumb","itemListElement":[{"@type":"ListItem","position":1,"name":"Home","item":"https:\/\/www.piedicavalloinfo.it\/wordpress\/"},{"@type":"ListItem","position":2,"name":"lago riazzale"}]},{"@type":"WebSite","@id":"https:\/\/www.piedicavalloinfo.it\/wordpress\/#website","url":"https:\/\/www.piedicavalloinfo.it\/wordpress\/","name":"Piedicavallo Info - Il sito turistico","description":"","publisher":{"@id":"https:\/\/www.piedicavalloinfo.it\/wordpress\/#organization"},"potentialAction":[{"@type":"SearchAction","target":{"@type":"EntryPoint","urlTemplate":"https:\/\/www.piedicavalloinfo.it\/wordpress\/?s={search_term_string}"},"query-input":"required name=search_term_string"}],"inLanguage":"it-IT"},{"@type":"Organization","@id":"https:\/\/www.piedicavalloinfo.it\/wordpress\/#organization","name":"Piedicavallo Info","url":"https:\/\/www.piedicavalloinfo.it\/wordpress\/","logo":{"@type":"ImageObject","inLanguage":"it-IT","@id":"https:\/\/www.piedicavalloinfo.it\/wordpress\/#\/schema\/logo\/image\/","url":"http:\/\/www.piedicavalloinfo.it\/wordpress\/wp-content\/uploads\/2019\/06\/logovers03.png","contentUrl":"http:\/\/www.piedicavalloinfo.it\/wordpress\/wp-content\/uploads\/2019\/06\/logovers03.png","width":406,"height":232,"caption":"Piedicavallo Info"},"image":{"@id":"https:\/\/www.piedicavalloinfo.it\/wordpress\/#\/schema\/logo\/image\/"},"sameAs":["https:\/\/www.facebook.com\/Piedicavalloinfo.it\/","https:\/\/www.instagram.com\/piedicavalloinfo\/"]}]}},"_links":{"self":[{"href":"http:\/\/www.piedicavalloinfo.it\/wordpress\/wp-json\/wp\/v2\/pages\/1375"}],"collection":[{"href":"http:\/\/www.piedicavalloinfo.it\/wordpress\/wp-json\/wp\/v2\/pages"}],"about":[{"href":"http:\/\/www.piedicavalloinfo.it\/wordpress\/wp-json\/wp\/v2\/types\/page"}],"author":[{"embeddable":true,"href":"http:\/\/www.piedicavalloinfo.it\/wordpress\/wp-json\/wp\/v2\/users\/1"}],"replies":[{"embeddable":true,"href":"http:\/\/www.piedicavalloinfo.it\/wordpress\/wp-json\/wp\/v2\/comments?post=1375"}],"version-history":[{"count":39,"href":"http:\/\/www.piedicavalloinfo.it\/wordpress\/wp-json\/wp\/v2\/pages\/1375\/revisions"}],"predecessor-version":[{"id":5275,"href":"http:\/\/www.piedicavalloinfo.it\/wordpress\/wp-json\/wp\/v2\/pages\/1375\/revisions\/5275"}],"wp:featuredmedia":[{"embeddable":true,"href":"http:\/\/www.piedicavalloinfo.it\/wordpress\/wp-json\/wp\/v2\/media\/5244"}],"wp:attachment":[{"href":"http:\/\/www.piedicavalloinfo.it\/wordpress\/wp-json\/wp\/v2\/media?parent=1375"}],"curies":[{"name":"wp","href":"https:\/\/api.w.org\/{rel}","templated":true}]}}