{"id":2491,"date":"2018-10-18T12:00:02","date_gmt":"2018-10-18T10:00:02","guid":{"rendered":"http:\/\/www.piedicavalloinfo.it\/wordpress\/?page_id=2491"},"modified":"2019-07-31T23:09:18","modified_gmt":"2019-07-31T21:09:18","slug":"le-lose","status":"publish","type":"page","link":"http:\/\/www.piedicavalloinfo.it\/wordpress\/le-lose\/","title":{"rendered":"le lose"},"content":{"rendered":"<p>[et_pb_section bb_built=&#8221;1&#8243; _builder_version=&#8221;3.17.1&#8243; background_image=&#8221;http:\/\/www.piedicavalloinfo.it\/wordpress\/wp-content\/uploads\/2019\/06\/500_30.jpg&#8221; custom_padding=&#8221;0px|0px|100px|0px|false|false&#8221; next_background_color=&#8221;#ffffff&#8221;][\/et_pb_section][et_pb_section bb_built=&#8221;1&#8243; _builder_version=&#8221;3.17.1&#8243; prev_background_color=&#8221;#000000&#8243;][et_pb_row custom_padding=&#8221;21.5167px|0px|0|0px|false|false&#8221; _builder_version=&#8221;3.17.1&#8243;][et_pb_column type=&#8221;4_4&#8243;][et_pb_text _builder_version=&#8221;3.17.1&#8243;]<\/p>\n<h3><span style=\"color: #f9912c;\"><strong>Le lose<\/strong><\/span><\/h3>\n<p>[\/et_pb_text][\/et_pb_column][\/et_pb_row][et_pb_row custom_padding=&#8221;5px|0px|30px|0px|false|false&#8221; _builder_version=&#8221;3.17.1&#8243;][et_pb_column type=&#8221;4_4&#8243;][et_pb_text _builder_version=&#8221;3.17.1&#8243;]<\/p>\n<p style=\"text-align: justify;\"><span style=\"font-weight: 400;\">Le <\/span><b>lose <\/b><span style=\"font-weight: 400;\">sono le lastre in pietra tipiche della copertura dei tetti di Piedicavallo e Montesinaro.<\/span><\/p>\n<p style=\"text-align: justify;\"><span style=\"font-weight: 400;\">Questa caratteristica nasce dalla praticit\u00e0: i nostri avi iniziarono a costruire tetti in pietra poich\u00e9 era pi\u00f9 conveniente estrarre la materia prima piuttosto che recarsi alla fornace pi\u00f9 vicina per acquistare il cotto. La<\/span><b> pietra locale<\/b><span style=\"font-weight: 400;\"> veniva estratta dalle montagne che circondano a Piedicavallo: ancora esiste memoria di una cava situata lungo il Vallone del Lago della Vecchia.<\/span><\/p>\n<p style=\"text-align: justify;\"><span style=\"font-weight: 400;\">La pietra utilizzata non doveva essere massiccia e compatta, ma una pietra che sfoglia. La sua lavorazione, infatti, avveniva attraverso la <\/span><b>sfogliatura del blocco in lastre irregolari<\/b><span style=\"font-weight: 400;\">, dello spessore di 3-6 cm per le abitazioni e di qualche centimetro in pi\u00f9 per fabbricati di minor pregio, come stalle e baite. Il contorno di ogni singola lastra veniva lavorato e adattato nel momento della posa.<\/span><\/p>\n<p style=\"text-align: justify;\"><span style=\"font-weight: 400;\">La presenza delle lose modifica, necessariamente, anche la struttura portante dei nostri tetti: a causa dell\u2019<\/span><b>elevato peso della copertura (circa 200 kg al mq)<\/b><span style=\"font-weight: 400;\">, l\u2019orditura dei tetti presenta sezioni pi\u00f9 grosse rispetto quelle con copertura in altri materiali.<\/span><\/p>\n<p style=\"text-align: justify;\"><span style=\"font-weight: 400;\">ll manto di copertura in pietra ha, poi, una <\/span><b>vita assai pi\u00f9 lunga<\/b><span style=\"font-weight: 400;\"> di quello in cotto. L\u2019assenza di coibentazione e impermeabilizzazione dei nostri tetti originari e il conseguente passaggio d\u2019aria, unite a una corretta manutenzione al fine di evitare infiltrazioni d\u2019acqua, regala alla copertura in lose, normalmente, una durata di qualche centinaio d\u2019anni.<\/span><\/p>\n<p style=\"text-align: justify;\"><span style=\"font-weight: 400;\">Negli ultimi decenni, la pietra locale \u00e8 stata soppiantata dalla <\/span><b>luserna<\/b><span style=\"font-weight: 400;\">, una pietra simile ma proveniente dalle Prealpi Cozie.<\/span><\/p>\n<p style=\"text-align: justify;\"><span style=\"font-weight: 400;\">Allo stesso modo, anche le<\/span><b> maestranze locali<\/b><span style=\"font-weight: 400;\"> sono divenute sempre pi\u00f9 rare. Sovente, oggi, ci si affida a maestranze provenienti dalla vicina Valle D&#8217;Aosta e, nel tempo, la classica <\/span><b>posa a scaglie delle lose<\/b><span style=\"font-weight: 400;\">, originaria dei nostri paesi, lascia il passo a quella valdostana, con lavorazione tondeggiante della lastra.<\/span><\/p>\n<p style=\"text-align: justify;\"><span style=\"font-weight: 400;\">Un esempio di questa nuova fattura \u00e8 rappresentato dal tetto del <span style=\"text-decoration: underline;\"><a href=\"http:\/\/www.piedicavalloinfo.it\/wordpress\/teatro-regina-margherita\/\">Teatro Regina Margherita<\/a><\/span>, ristrutturato totalmente nei primi anni Duemila.<\/span><\/p>\n<p style=\"text-align: justify;\"><span style=\"font-weight: 400;\">Coperture in pietra simili alle nostre si trovano anche a Rosazza, San Giovanni e Valmosche (frazione di Campiglia Cervo), nonch\u00e9 in Valle d\u2019Oropa, in Val Sesia, Valle D\u2019Aosta e nelle vallate alpine in generale.<\/span><\/p>\n<p>[\/et_pb_text][\/et_pb_column][\/et_pb_row][et_pb_row custom_padding=&#8221;2px|0px|0|0px|false|false&#8221; module_class=&#8221;et_pb_gutters1 et_pb_row_fullwidth&#8221; _builder_version=&#8221;3.17.1&#8243;][et_pb_column type=&#8221;4_4&#8243;][et_pb_gallery gallery_ids=&#8221;3715,3716,3717,3718&#8243; show_title_and_caption=&#8221;off&#8221; show_pagination=&#8221;off&#8221; module_class=&#8221;et_pb_gutters1 et_pb_row_fullwidth&#8221; _builder_version=&#8221;3.17.1&#8243; \/][\/et_pb_column][\/et_pb_row][\/et_pb_section]<\/p>\n","protected":false},"excerpt":{"rendered":"<p>Le lose Le lose sono le lastre in pietra tipiche della copertura dei tetti di Piedicavallo e Montesinaro. Questa caratteristica nasce dalla praticit\u00e0: i nostri avi iniziarono a costruire tetti in pietra poich\u00e9 era pi\u00f9 conveniente estrarre la materia prima piuttosto che recarsi alla fornace pi\u00f9 vicina per acquistare il cotto. La pietra locale veniva [&hellip;]<\/p>\n","protected":false},"author":1,"featured_media":5385,"parent":0,"menu_order":0,"comment_status":"closed","ping_status":"closed","template":"","meta":{"_et_pb_use_builder":"on","_et_pb_old_content":"","_et_gb_content_width":"","om_disable_all_campaigns":false,"_monsterinsights_skip_tracking":false,"_monsterinsights_sitenote_active":false,"_monsterinsights_sitenote_note":"","_monsterinsights_sitenote_category":0,"_uf_show_specific_survey":0,"_uf_disable_surveys":false},"aioseo_notices":[],"yoast_head":"<!-- This site is optimized with the Yoast SEO plugin v21.8 - https:\/\/yoast.com\/wordpress\/plugins\/seo\/ -->\n<title>Le lose: tipica copertura in pietra dei tetti | Piedicavalloinfo<\/title>\n<meta name=\"description\" content=\"Le lose sono le lastre in pietra tipiche della copertura dei tetti di Piedicavallo e Montesinaro, segno di una stimana tradizione di scalpellini.\" \/>\n<meta name=\"robots\" content=\"index, follow, max-snippet:-1, max-image-preview:large, max-video-preview:-1\" \/>\n<link rel=\"canonical\" href=\"http:\/\/www.piedicavalloinfo.it\/wordpress\/le-lose\/\" \/>\n<meta property=\"og:locale\" content=\"it_IT\" \/>\n<meta property=\"og:type\" content=\"article\" \/>\n<meta property=\"og:title\" content=\"Le lose: tipica copertura in pietra dei tetti | Piedicavalloinfo\" \/>\n<meta property=\"og:description\" content=\"Le lose sono le lastre in pietra tipiche della copertura dei tetti di Piedicavallo e Montesinaro, segno di una stimana tradizione di scalpellini.\" \/>\n<meta property=\"og:url\" content=\"http:\/\/www.piedicavalloinfo.it\/wordpress\/le-lose\/\" \/>\n<meta property=\"og:site_name\" content=\"Piedicavallo Info - Il sito turistico\" \/>\n<meta property=\"article:publisher\" content=\"https:\/\/www.facebook.com\/Piedicavalloinfo.it\/\" \/>\n<meta property=\"article:modified_time\" content=\"2019-07-31T21:09:18+00:00\" \/>\n<meta property=\"og:image\" content=\"http:\/\/www.piedicavalloinfo.it\/wordpress\/wp-content\/uploads\/2019\/07\/Progetto-senza-titolo-1-2.png\" \/>\n\t<meta property=\"og:image:width\" content=\"1200\" \/>\n\t<meta property=\"og:image:height\" content=\"630\" \/>\n\t<meta property=\"og:image:type\" content=\"image\/png\" \/>\n<meta name=\"twitter:card\" content=\"summary_large_image\" \/>\n<meta name=\"twitter:label1\" content=\"Tempo di lettura stimato\" \/>\n\t<meta name=\"twitter:data1\" content=\"3 minuti\" \/>\n<script type=\"application\/ld+json\" class=\"yoast-schema-graph\">{\"@context\":\"https:\/\/schema.org\",\"@graph\":[{\"@type\":\"WebPage\",\"@id\":\"http:\/\/www.piedicavalloinfo.it\/wordpress\/le-lose\/\",\"url\":\"http:\/\/www.piedicavalloinfo.it\/wordpress\/le-lose\/\",\"name\":\"Le lose: tipica copertura in pietra dei tetti | Piedicavalloinfo\",\"isPartOf\":{\"@id\":\"https:\/\/www.piedicavalloinfo.it\/wordpress\/#website\"},\"datePublished\":\"2018-10-18T10:00:02+00:00\",\"dateModified\":\"2019-07-31T21:09:18+00:00\",\"description\":\"Le lose sono le lastre in pietra tipiche della copertura dei tetti di Piedicavallo e Montesinaro, segno di una stimana tradizione di scalpellini.\",\"breadcrumb\":{\"@id\":\"http:\/\/www.piedicavalloinfo.it\/wordpress\/le-lose\/#breadcrumb\"},\"inLanguage\":\"it-IT\",\"potentialAction\":[{\"@type\":\"ReadAction\",\"target\":[\"http:\/\/www.piedicavalloinfo.it\/wordpress\/le-lose\/\"]}]},{\"@type\":\"BreadcrumbList\",\"@id\":\"http:\/\/www.piedicavalloinfo.it\/wordpress\/le-lose\/#breadcrumb\",\"itemListElement\":[{\"@type\":\"ListItem\",\"position\":1,\"name\":\"Home\",\"item\":\"https:\/\/www.piedicavalloinfo.it\/wordpress\/\"},{\"@type\":\"ListItem\",\"position\":2,\"name\":\"le lose\"}]},{\"@type\":\"WebSite\",\"@id\":\"https:\/\/www.piedicavalloinfo.it\/wordpress\/#website\",\"url\":\"https:\/\/www.piedicavalloinfo.it\/wordpress\/\",\"name\":\"Piedicavallo Info - Il sito turistico\",\"description\":\"\",\"publisher\":{\"@id\":\"https:\/\/www.piedicavalloinfo.it\/wordpress\/#organization\"},\"potentialAction\":[{\"@type\":\"SearchAction\",\"target\":{\"@type\":\"EntryPoint\",\"urlTemplate\":\"https:\/\/www.piedicavalloinfo.it\/wordpress\/?s={search_term_string}\"},\"query-input\":\"required name=search_term_string\"}],\"inLanguage\":\"it-IT\"},{\"@type\":\"Organization\",\"@id\":\"https:\/\/www.piedicavalloinfo.it\/wordpress\/#organization\",\"name\":\"Piedicavallo Info\",\"url\":\"https:\/\/www.piedicavalloinfo.it\/wordpress\/\",\"logo\":{\"@type\":\"ImageObject\",\"inLanguage\":\"it-IT\",\"@id\":\"https:\/\/www.piedicavalloinfo.it\/wordpress\/#\/schema\/logo\/image\/\",\"url\":\"http:\/\/www.piedicavalloinfo.it\/wordpress\/wp-content\/uploads\/2019\/06\/logovers03.png\",\"contentUrl\":\"http:\/\/www.piedicavalloinfo.it\/wordpress\/wp-content\/uploads\/2019\/06\/logovers03.png\",\"width\":406,\"height\":232,\"caption\":\"Piedicavallo Info\"},\"image\":{\"@id\":\"https:\/\/www.piedicavalloinfo.it\/wordpress\/#\/schema\/logo\/image\/\"},\"sameAs\":[\"https:\/\/www.facebook.com\/Piedicavalloinfo.it\/\",\"https:\/\/www.instagram.com\/piedicavalloinfo\/\"]}]}<\/script>\n<!-- \/ Yoast SEO plugin. -->","yoast_head_json":{"title":"Le lose: tipica copertura in pietra dei tetti | Piedicavalloinfo","description":"Le lose sono le lastre in pietra tipiche della copertura dei tetti di Piedicavallo e Montesinaro, segno di una stimana tradizione di scalpellini.","robots":{"index":"index","follow":"follow","max-snippet":"max-snippet:-1","max-image-preview":"max-image-preview:large","max-video-preview":"max-video-preview:-1"},"canonical":"http:\/\/www.piedicavalloinfo.it\/wordpress\/le-lose\/","og_locale":"it_IT","og_type":"article","og_title":"Le lose: tipica copertura in pietra dei tetti | Piedicavalloinfo","og_description":"Le lose sono le lastre in pietra tipiche della copertura dei tetti di Piedicavallo e Montesinaro, segno di una stimana tradizione di scalpellini.","og_url":"http:\/\/www.piedicavalloinfo.it\/wordpress\/le-lose\/","og_site_name":"Piedicavallo Info - Il sito turistico","article_publisher":"https:\/\/www.facebook.com\/Piedicavalloinfo.it\/","article_modified_time":"2019-07-31T21:09:18+00:00","og_image":[{"width":1200,"height":630,"url":"http:\/\/www.piedicavalloinfo.it\/wordpress\/wp-content\/uploads\/2019\/07\/Progetto-senza-titolo-1-2.png","type":"image\/png"}],"twitter_card":"summary_large_image","twitter_misc":{"Tempo di lettura stimato":"3 minuti"},"schema":{"@context":"https:\/\/schema.org","@graph":[{"@type":"WebPage","@id":"http:\/\/www.piedicavalloinfo.it\/wordpress\/le-lose\/","url":"http:\/\/www.piedicavalloinfo.it\/wordpress\/le-lose\/","name":"Le lose: tipica copertura in pietra dei tetti | Piedicavalloinfo","isPartOf":{"@id":"https:\/\/www.piedicavalloinfo.it\/wordpress\/#website"},"datePublished":"2018-10-18T10:00:02+00:00","dateModified":"2019-07-31T21:09:18+00:00","description":"Le lose sono le lastre in pietra tipiche della copertura dei tetti di Piedicavallo e Montesinaro, segno di una stimana tradizione di scalpellini.","breadcrumb":{"@id":"http:\/\/www.piedicavalloinfo.it\/wordpress\/le-lose\/#breadcrumb"},"inLanguage":"it-IT","potentialAction":[{"@type":"ReadAction","target":["http:\/\/www.piedicavalloinfo.it\/wordpress\/le-lose\/"]}]},{"@type":"BreadcrumbList","@id":"http:\/\/www.piedicavalloinfo.it\/wordpress\/le-lose\/#breadcrumb","itemListElement":[{"@type":"ListItem","position":1,"name":"Home","item":"https:\/\/www.piedicavalloinfo.it\/wordpress\/"},{"@type":"ListItem","position":2,"name":"le lose"}]},{"@type":"WebSite","@id":"https:\/\/www.piedicavalloinfo.it\/wordpress\/#website","url":"https:\/\/www.piedicavalloinfo.it\/wordpress\/","name":"Piedicavallo Info - Il sito turistico","description":"","publisher":{"@id":"https:\/\/www.piedicavalloinfo.it\/wordpress\/#organization"},"potentialAction":[{"@type":"SearchAction","target":{"@type":"EntryPoint","urlTemplate":"https:\/\/www.piedicavalloinfo.it\/wordpress\/?s={search_term_string}"},"query-input":"required name=search_term_string"}],"inLanguage":"it-IT"},{"@type":"Organization","@id":"https:\/\/www.piedicavalloinfo.it\/wordpress\/#organization","name":"Piedicavallo Info","url":"https:\/\/www.piedicavalloinfo.it\/wordpress\/","logo":{"@type":"ImageObject","inLanguage":"it-IT","@id":"https:\/\/www.piedicavalloinfo.it\/wordpress\/#\/schema\/logo\/image\/","url":"http:\/\/www.piedicavalloinfo.it\/wordpress\/wp-content\/uploads\/2019\/06\/logovers03.png","contentUrl":"http:\/\/www.piedicavalloinfo.it\/wordpress\/wp-content\/uploads\/2019\/06\/logovers03.png","width":406,"height":232,"caption":"Piedicavallo Info"},"image":{"@id":"https:\/\/www.piedicavalloinfo.it\/wordpress\/#\/schema\/logo\/image\/"},"sameAs":["https:\/\/www.facebook.com\/Piedicavalloinfo.it\/","https:\/\/www.instagram.com\/piedicavalloinfo\/"]}]}},"_links":{"self":[{"href":"http:\/\/www.piedicavalloinfo.it\/wordpress\/wp-json\/wp\/v2\/pages\/2491"}],"collection":[{"href":"http:\/\/www.piedicavalloinfo.it\/wordpress\/wp-json\/wp\/v2\/pages"}],"about":[{"href":"http:\/\/www.piedicavalloinfo.it\/wordpress\/wp-json\/wp\/v2\/types\/page"}],"author":[{"embeddable":true,"href":"http:\/\/www.piedicavalloinfo.it\/wordpress\/wp-json\/wp\/v2\/users\/1"}],"replies":[{"embeddable":true,"href":"http:\/\/www.piedicavalloinfo.it\/wordpress\/wp-json\/wp\/v2\/comments?post=2491"}],"version-history":[{"count":11,"href":"http:\/\/www.piedicavalloinfo.it\/wordpress\/wp-json\/wp\/v2\/pages\/2491\/revisions"}],"predecessor-version":[{"id":4443,"href":"http:\/\/www.piedicavalloinfo.it\/wordpress\/wp-json\/wp\/v2\/pages\/2491\/revisions\/4443"}],"wp:featuredmedia":[{"embeddable":true,"href":"http:\/\/www.piedicavalloinfo.it\/wordpress\/wp-json\/wp\/v2\/media\/5385"}],"wp:attachment":[{"href":"http:\/\/www.piedicavalloinfo.it\/wordpress\/wp-json\/wp\/v2\/media?parent=2491"}],"curies":[{"name":"wp","href":"https:\/\/api.w.org\/{rel}","templated":true}]}}