{"id":2573,"date":"2018-11-27T11:50:57","date_gmt":"2018-11-27T10:50:57","guid":{"rendered":"http:\/\/www.piedicavalloinfo.it\/wordpress\/?page_id=2573"},"modified":"2019-07-12T22:20:08","modified_gmt":"2019-07-12T20:20:08","slug":"casa-museo","status":"publish","type":"page","link":"http:\/\/www.piedicavalloinfo.it\/wordpress\/casa-museo\/","title":{"rendered":"casa museo"},"content":{"rendered":"<p>[et_pb_section bb_built=&#8221;1&#8243; _builder_version=&#8221;3.17.1&#8243; background_image=&#8221;http:\/\/www.piedicavalloinfo.it\/wordpress\/wp-content\/uploads\/2019\/04\/500_24.jpg&#8221; custom_padding=&#8221;0px|0px|100px|0px|false|false&#8221; next_background_color=&#8221;#ffffff&#8221;][\/et_pb_section][et_pb_section bb_built=&#8221;1&#8243; _builder_version=&#8221;3.17.1&#8243; prev_background_color=&#8221;#000000&#8243;][et_pb_row custom_padding=&#8221;21.5167px|0px|0|0px|false|false&#8221; _builder_version=&#8221;3.17.1&#8243;][et_pb_column type=&#8221;4_4&#8243;][et_pb_text _builder_version=&#8221;3.17.1&#8243;]<\/p>\n<h3><span style=\"color: #047f04;\"><span style=\"color: #f9912c;\"><strong><b>Casa museo di Rosazza<\/b><\/strong><\/span> <\/span><\/h3>\n<p>[\/et_pb_text][\/et_pb_column][\/et_pb_row][et_pb_row custom_padding=&#8221;15px|0px|21.5167px|0px|false|false&#8221; _builder_version=&#8221;3.17.1&#8243;][et_pb_column type=&#8221;4_4&#8243;][et_pb_text _builder_version=&#8221;3.17.1&#8243;]<\/p>\n<p style=\"text-align: justify;\">Un luogo di ritrovo e conservazione per la cultura dell<b>Alta Valle del Cervo<\/b>, per la preservazione di ci\u00f2 che, nella storia, ha fatto della B\u00fcrsch ci\u00f2 che \u00e8 stata e ci\u00f2 che \u00e8 ora.<\/p>\n<p style=\"text-align: justify;\">La <b>Casa museo di Rosazza<\/b>, nata nel 1987, raccoglie, su quattro piani, immagini, testimonianze, documenti, fotografie e oggetti che raccontano la tradizione delle comunit\u00e0 montane, dalla vita quotidiana all\u2019esperienza migratoria dei valligiani. Importanza cruciale \u00e8 data alla figura della donna, il cui ruolo \u00e8 stato fondamentale nello sviluppo della vita della nostre comunit\u00e0.<\/p>\n<p style=\"text-align: justify;\">Ogni estate, l\u2019Associazione Casa Museo, i volontari e le <b>Vallette in <\/b><a href=\"http:\/\/www.piedicavalloinfo.it\/wordpress\/jipun\/\"><span style=\"text-decoration: underline;\">Gipoun<\/span><\/a> organizzano passeggiate guidate, laboratori didattici e conferenze per promuovere e diffondere la storia dell\u2019Alta Valle.<\/p>\n<h4 style=\"text-align: justify;\"><b>Orari<\/b><\/h4>\n<p style=\"text-align: justify;\">Dal 2 giugno a met\u00e0 ottobre : tutti i pomeriggi festivi, dalle 14.30 alle 18.30. Ingresso libero.<\/p>\n<p style=\"text-align: justify;\"><strong>Disponibilit\u00e0 visite guidate. <\/strong>Visite guidate per gruppi in altri orari da concordarsi telefonando al 3383876595.<\/p>\n<p style=\"text-align: justify;\">Questa attrazione si trova a <b>3 km da Piedicavallo<\/b><\/p>\n<p style=\"text-align: justify;\"><span style=\"text-decoration: underline;\"><a href=\"http:\/\/www.casamuseo-altavalledelcervo.it\" target=\"_blank\" rel=\"noopener noreferrer\">Sito internet<\/a><\/span><\/p>\n<p style=\"text-align: justify;\"><span style=\"text-decoration: underline;\"><a href=\"https:\/\/www.facebook.com\/casamuseoaltavalledelcervo\/\" target=\"_blank\" rel=\"noopener noreferrer\">Pagina Facebook <\/a><\/span><\/p>\n<p>[\/et_pb_text][\/et_pb_column][\/et_pb_row][et_pb_row custom_padding=&#8221;0|0px|0|0px|false|false&#8221; module_class=&#8221;et_pb_gutters1 et_pb_row_fullwidth&#8221; _builder_version=&#8221;3.17.1&#8243;][et_pb_column type=&#8221;4_4&#8243;][et_pb_gallery gallery_ids=&#8221;3333,3334,3335,3336,3337,3338,3578,3579,3580,3581&#8243; posts_number=&#8221;8&#8243; show_title_and_caption=&#8221;off&#8221; show_pagination=&#8221;off&#8221; _builder_version=&#8221;3.17.1&#8243; \/][\/et_pb_column][\/et_pb_row][\/et_pb_section]<\/p>\n","protected":false},"excerpt":{"rendered":"<p>Casa museo di Rosazza Un luogo di ritrovo e conservazione per la cultura dellAlta Valle del Cervo, per la preservazione di ci\u00f2 che, nella storia, ha fatto della B\u00fcrsch ci\u00f2 che \u00e8 stata e ci\u00f2 che \u00e8 ora. La Casa museo di Rosazza, nata nel 1987, raccoglie, su quattro piani, immagini, testimonianze, documenti, fotografie e [&hellip;]<\/p>\n","protected":false},"author":1,"featured_media":5009,"parent":0,"menu_order":0,"comment_status":"closed","ping_status":"closed","template":"","meta":{"_et_pb_use_builder":"on","_et_pb_old_content":"","_et_gb_content_width":"","om_disable_all_campaigns":false,"_monsterinsights_skip_tracking":false,"_monsterinsights_sitenote_active":false,"_monsterinsights_sitenote_note":"","_monsterinsights_sitenote_category":0,"_uf_show_specific_survey":0,"_uf_disable_surveys":false},"aioseo_notices":[],"yoast_head":"<!-- This site is optimized with the Yoast SEO plugin v21.8 - https:\/\/yoast.com\/wordpress\/plugins\/seo\/ -->\n<title>Casa Museo dell&#039;Alta Valle Cervo | Piedicavalloinfo<\/title>\n<meta name=\"description\" content=\"La Casa Museo dell&#039;Alta Valle Cervo \u00e8 dedicata alla storia e alla tradizione della nostra Valle. Si trova a Rosazza, a 3 km da Piedicavallo.\" \/>\n<meta name=\"robots\" content=\"index, follow, max-snippet:-1, max-image-preview:large, max-video-preview:-1\" \/>\n<link rel=\"canonical\" href=\"http:\/\/www.piedicavalloinfo.it\/wordpress\/casa-museo\/\" \/>\n<meta property=\"og:locale\" content=\"it_IT\" \/>\n<meta property=\"og:type\" content=\"article\" \/>\n<meta property=\"og:title\" content=\"Casa Museo dell&#039;Alta Valle Cervo | Piedicavalloinfo\" \/>\n<meta property=\"og:description\" content=\"La Casa Museo dell&#039;Alta Valle Cervo \u00e8 dedicata alla storia e alla tradizione della nostra Valle. Si trova a Rosazza, a 3 km da Piedicavallo.\" \/>\n<meta property=\"og:url\" content=\"http:\/\/www.piedicavalloinfo.it\/wordpress\/casa-museo\/\" \/>\n<meta property=\"og:site_name\" content=\"Piedicavallo Info - Il sito turistico\" \/>\n<meta property=\"article:publisher\" content=\"https:\/\/www.facebook.com\/Piedicavalloinfo.it\/\" \/>\n<meta property=\"article:modified_time\" content=\"2019-07-12T20:20:08+00:00\" \/>\n<meta property=\"og:image\" content=\"http:\/\/www.piedicavalloinfo.it\/wordpress\/wp-content\/uploads\/2019\/07\/Progetto-senza-titolo-31.png\" \/>\n\t<meta property=\"og:image:width\" content=\"1200\" \/>\n\t<meta property=\"og:image:height\" content=\"630\" \/>\n\t<meta property=\"og:image:type\" content=\"image\/png\" \/>\n<meta name=\"twitter:card\" content=\"summary_large_image\" \/>\n<meta name=\"twitter:label1\" content=\"Tempo di lettura stimato\" \/>\n\t<meta name=\"twitter:data1\" content=\"2 minuti\" \/>\n<script type=\"application\/ld+json\" class=\"yoast-schema-graph\">{\"@context\":\"https:\/\/schema.org\",\"@graph\":[{\"@type\":\"WebPage\",\"@id\":\"http:\/\/www.piedicavalloinfo.it\/wordpress\/casa-museo\/\",\"url\":\"http:\/\/www.piedicavalloinfo.it\/wordpress\/casa-museo\/\",\"name\":\"Casa Museo dell'Alta Valle Cervo | Piedicavalloinfo\",\"isPartOf\":{\"@id\":\"https:\/\/www.piedicavalloinfo.it\/wordpress\/#website\"},\"datePublished\":\"2018-11-27T10:50:57+00:00\",\"dateModified\":\"2019-07-12T20:20:08+00:00\",\"description\":\"La Casa Museo dell'Alta Valle Cervo \u00e8 dedicata alla storia e alla tradizione della nostra Valle. Si trova a Rosazza, a 3 km da Piedicavallo.\",\"breadcrumb\":{\"@id\":\"http:\/\/www.piedicavalloinfo.it\/wordpress\/casa-museo\/#breadcrumb\"},\"inLanguage\":\"it-IT\",\"potentialAction\":[{\"@type\":\"ReadAction\",\"target\":[\"http:\/\/www.piedicavalloinfo.it\/wordpress\/casa-museo\/\"]}]},{\"@type\":\"BreadcrumbList\",\"@id\":\"http:\/\/www.piedicavalloinfo.it\/wordpress\/casa-museo\/#breadcrumb\",\"itemListElement\":[{\"@type\":\"ListItem\",\"position\":1,\"name\":\"Home\",\"item\":\"https:\/\/www.piedicavalloinfo.it\/wordpress\/\"},{\"@type\":\"ListItem\",\"position\":2,\"name\":\"casa museo\"}]},{\"@type\":\"WebSite\",\"@id\":\"https:\/\/www.piedicavalloinfo.it\/wordpress\/#website\",\"url\":\"https:\/\/www.piedicavalloinfo.it\/wordpress\/\",\"name\":\"Piedicavallo Info - Il sito turistico\",\"description\":\"\",\"publisher\":{\"@id\":\"https:\/\/www.piedicavalloinfo.it\/wordpress\/#organization\"},\"potentialAction\":[{\"@type\":\"SearchAction\",\"target\":{\"@type\":\"EntryPoint\",\"urlTemplate\":\"https:\/\/www.piedicavalloinfo.it\/wordpress\/?s={search_term_string}\"},\"query-input\":\"required name=search_term_string\"}],\"inLanguage\":\"it-IT\"},{\"@type\":\"Organization\",\"@id\":\"https:\/\/www.piedicavalloinfo.it\/wordpress\/#organization\",\"name\":\"Piedicavallo Info\",\"url\":\"https:\/\/www.piedicavalloinfo.it\/wordpress\/\",\"logo\":{\"@type\":\"ImageObject\",\"inLanguage\":\"it-IT\",\"@id\":\"https:\/\/www.piedicavalloinfo.it\/wordpress\/#\/schema\/logo\/image\/\",\"url\":\"http:\/\/www.piedicavalloinfo.it\/wordpress\/wp-content\/uploads\/2019\/06\/logovers03.png\",\"contentUrl\":\"http:\/\/www.piedicavalloinfo.it\/wordpress\/wp-content\/uploads\/2019\/06\/logovers03.png\",\"width\":406,\"height\":232,\"caption\":\"Piedicavallo Info\"},\"image\":{\"@id\":\"https:\/\/www.piedicavalloinfo.it\/wordpress\/#\/schema\/logo\/image\/\"},\"sameAs\":[\"https:\/\/www.facebook.com\/Piedicavalloinfo.it\/\",\"https:\/\/www.instagram.com\/piedicavalloinfo\/\"]}]}<\/script>\n<!-- \/ Yoast SEO plugin. -->","yoast_head_json":{"title":"Casa Museo dell'Alta Valle Cervo | Piedicavalloinfo","description":"La Casa Museo dell'Alta Valle Cervo \u00e8 dedicata alla storia e alla tradizione della nostra Valle. Si trova a Rosazza, a 3 km da Piedicavallo.","robots":{"index":"index","follow":"follow","max-snippet":"max-snippet:-1","max-image-preview":"max-image-preview:large","max-video-preview":"max-video-preview:-1"},"canonical":"http:\/\/www.piedicavalloinfo.it\/wordpress\/casa-museo\/","og_locale":"it_IT","og_type":"article","og_title":"Casa Museo dell'Alta Valle Cervo | Piedicavalloinfo","og_description":"La Casa Museo dell'Alta Valle Cervo \u00e8 dedicata alla storia e alla tradizione della nostra Valle. Si trova a Rosazza, a 3 km da Piedicavallo.","og_url":"http:\/\/www.piedicavalloinfo.it\/wordpress\/casa-museo\/","og_site_name":"Piedicavallo Info - Il sito turistico","article_publisher":"https:\/\/www.facebook.com\/Piedicavalloinfo.it\/","article_modified_time":"2019-07-12T20:20:08+00:00","og_image":[{"width":1200,"height":630,"url":"http:\/\/www.piedicavalloinfo.it\/wordpress\/wp-content\/uploads\/2019\/07\/Progetto-senza-titolo-31.png","type":"image\/png"}],"twitter_card":"summary_large_image","twitter_misc":{"Tempo di lettura stimato":"2 minuti"},"schema":{"@context":"https:\/\/schema.org","@graph":[{"@type":"WebPage","@id":"http:\/\/www.piedicavalloinfo.it\/wordpress\/casa-museo\/","url":"http:\/\/www.piedicavalloinfo.it\/wordpress\/casa-museo\/","name":"Casa Museo dell'Alta Valle Cervo | Piedicavalloinfo","isPartOf":{"@id":"https:\/\/www.piedicavalloinfo.it\/wordpress\/#website"},"datePublished":"2018-11-27T10:50:57+00:00","dateModified":"2019-07-12T20:20:08+00:00","description":"La Casa Museo dell'Alta Valle Cervo \u00e8 dedicata alla storia e alla tradizione della nostra Valle. Si trova a Rosazza, a 3 km da Piedicavallo.","breadcrumb":{"@id":"http:\/\/www.piedicavalloinfo.it\/wordpress\/casa-museo\/#breadcrumb"},"inLanguage":"it-IT","potentialAction":[{"@type":"ReadAction","target":["http:\/\/www.piedicavalloinfo.it\/wordpress\/casa-museo\/"]}]},{"@type":"BreadcrumbList","@id":"http:\/\/www.piedicavalloinfo.it\/wordpress\/casa-museo\/#breadcrumb","itemListElement":[{"@type":"ListItem","position":1,"name":"Home","item":"https:\/\/www.piedicavalloinfo.it\/wordpress\/"},{"@type":"ListItem","position":2,"name":"casa museo"}]},{"@type":"WebSite","@id":"https:\/\/www.piedicavalloinfo.it\/wordpress\/#website","url":"https:\/\/www.piedicavalloinfo.it\/wordpress\/","name":"Piedicavallo Info - Il sito turistico","description":"","publisher":{"@id":"https:\/\/www.piedicavalloinfo.it\/wordpress\/#organization"},"potentialAction":[{"@type":"SearchAction","target":{"@type":"EntryPoint","urlTemplate":"https:\/\/www.piedicavalloinfo.it\/wordpress\/?s={search_term_string}"},"query-input":"required name=search_term_string"}],"inLanguage":"it-IT"},{"@type":"Organization","@id":"https:\/\/www.piedicavalloinfo.it\/wordpress\/#organization","name":"Piedicavallo Info","url":"https:\/\/www.piedicavalloinfo.it\/wordpress\/","logo":{"@type":"ImageObject","inLanguage":"it-IT","@id":"https:\/\/www.piedicavalloinfo.it\/wordpress\/#\/schema\/logo\/image\/","url":"http:\/\/www.piedicavalloinfo.it\/wordpress\/wp-content\/uploads\/2019\/06\/logovers03.png","contentUrl":"http:\/\/www.piedicavalloinfo.it\/wordpress\/wp-content\/uploads\/2019\/06\/logovers03.png","width":406,"height":232,"caption":"Piedicavallo Info"},"image":{"@id":"https:\/\/www.piedicavalloinfo.it\/wordpress\/#\/schema\/logo\/image\/"},"sameAs":["https:\/\/www.facebook.com\/Piedicavalloinfo.it\/","https:\/\/www.instagram.com\/piedicavalloinfo\/"]}]}},"_links":{"self":[{"href":"http:\/\/www.piedicavalloinfo.it\/wordpress\/wp-json\/wp\/v2\/pages\/2573"}],"collection":[{"href":"http:\/\/www.piedicavalloinfo.it\/wordpress\/wp-json\/wp\/v2\/pages"}],"about":[{"href":"http:\/\/www.piedicavalloinfo.it\/wordpress\/wp-json\/wp\/v2\/types\/page"}],"author":[{"embeddable":true,"href":"http:\/\/www.piedicavalloinfo.it\/wordpress\/wp-json\/wp\/v2\/users\/1"}],"replies":[{"embeddable":true,"href":"http:\/\/www.piedicavalloinfo.it\/wordpress\/wp-json\/wp\/v2\/comments?post=2573"}],"version-history":[{"count":17,"href":"http:\/\/www.piedicavalloinfo.it\/wordpress\/wp-json\/wp\/v2\/pages\/2573\/revisions"}],"predecessor-version":[{"id":5013,"href":"http:\/\/www.piedicavalloinfo.it\/wordpress\/wp-json\/wp\/v2\/pages\/2573\/revisions\/5013"}],"wp:featuredmedia":[{"embeddable":true,"href":"http:\/\/www.piedicavalloinfo.it\/wordpress\/wp-json\/wp\/v2\/media\/5009"}],"wp:attachment":[{"href":"http:\/\/www.piedicavalloinfo.it\/wordpress\/wp-json\/wp\/v2\/media?parent=2573"}],"curies":[{"name":"wp","href":"https:\/\/api.w.org\/{rel}","templated":true}]}}