{"id":3772,"date":"2019-06-12T11:59:58","date_gmt":"2019-06-12T09:59:58","guid":{"rendered":"http:\/\/www.piedicavalloinfo.it\/wordpress\/?page_id=3772"},"modified":"2019-08-29T17:24:28","modified_gmt":"2019-08-29T15:24:28","slug":"piedicavallo-accessibile","status":"publish","type":"page","link":"http:\/\/www.piedicavalloinfo.it\/wordpress\/piedicavallo-accessibile\/","title":{"rendered":"piedicavallo accessibile"},"content":{"rendered":"<p>[et_pb_section fb_built=&#8221;1&#8243; _builder_version=&#8221;3.17.1&#8243; background_image=&#8221;http:\/\/www.piedicavalloinfo.it\/wordpress\/wp-content\/uploads\/2019\/06\/testatabase.jpg&#8221; custom_padding=&#8221;0px|0px|100px|0px|false|false&#8221;][\/et_pb_section][et_pb_section fb_built=&#8221;1&#8243; _builder_version=&#8221;3.17.1&#8243;][et_pb_row custom_padding=&#8221;21.5167px|0px|0|0px|false|false&#8221; _builder_version=&#8221;3.17.1&#8243;][et_pb_column type=&#8221;4_4&#8243; _builder_version=&#8221;3.17.1&#8243; parallax=&#8221;off&#8221; parallax_method=&#8221;on&#8221;][et_pb_text _builder_version=&#8221;3.17.1&#8243;]<\/p>\n<h3><span style=\"color: #047f04;\"><strong><span style=\"color: #f9912c;\">Piedicavallo accessibile<\/span><br \/>\n<\/strong><\/span><\/h3>\n<p>[\/et_pb_text][\/et_pb_column][\/et_pb_row][et_pb_row custom_padding=&#8221;0|0px|21.5167px|0px|false|false&#8221; _builder_version=&#8221;3.17.1&#8243;][et_pb_column type=&#8221;4_4&#8243; _builder_version=&#8221;3.17.1&#8243; parallax=&#8221;off&#8221; parallax_method=&#8221;on&#8221;][et_pb_text _builder_version=&#8221;3.17.1&#8243;]<\/p>\n<p style=\"text-align: justify;\">Paese antico e di montagna, Piedicavallo non \u00e8 un luogo privo di barriere architettoniche. La frazione Montesinaro, purtroppo, non \u00e8 da meno.<br \/>\nTuttavia, le strutture pi\u00f9 moderne e alcune disposizioni favorevoli rappresentano un\u2019apertura all\u2019accessibilit\u00e0.<\/p>\n<p style=\"text-align: justify;\">Il <span style=\"text-decoration: underline;\"><a href=\"http:\/\/www.piedicavalloinfo.it\/wordpress\/municipio\/\"><strong>Municipio<\/strong><\/a><\/span> si trova in cima alla scalinata di via IV Novembre ma possiede un\u2019entrata secondaria, su via Garibaldi. Questo ingresso \u00e8 raggiungibile anche con carrozzine, partendo dalla fine di via Avrieux.<br \/>\nA causa di impedimenti strutturali, il Municipio non \u00e8 dotato di ascensore ma l\u2019ingresso di via Garibaldi d\u00e0 accesso agli uffici amministrativi e del sindaco.<\/p>\n<p style=\"text-align: justify;\">L\u2019area picnic, su via Europa, e il <a href=\"http:\/\/www.piedicavalloinfo.it\/wordpress\/parchi-e-aree-sportive\/\"><span style=\"text-decoration: underline;\"><strong>Parco Ravere<\/strong><\/span><\/a> sono accessibili e dotati di servizi igienici preposti all\u2019accoglienza di persone con disabilit\u00e0.<\/p>\n<p style=\"text-align: justify;\">Il <span style=\"text-decoration: underline;\"><a href=\"http:\/\/www.piedicavalloinfo.it\/wordpress\/bambini\/\"><strong>Parco giochi in via Monte Bo<\/strong><\/a><\/span> \u00e8 accessibile a sedie a rotelle e carrozzine.<\/p>\n<p style=\"text-align: justify;\">Il <a href=\"http:\/\/www.piedicavalloinfo.it\/wordpress\/ristoranti-e-bar\/\"><strong><span style=\"text-decoration: underline;\">Ristorante Rosa Bianca<\/span><\/strong><\/a> di via Roma 10 e il <a href=\"http:\/\/www.piedicavalloinfo.it\/wordpress\/ristoranti-e-bar\/\"><span style=\"text-decoration: underline;\"><strong>Ristorante Gatto Azzurro<\/strong><\/span><\/a> di via Roma 17 sono attrezzati per l\u2019accoglienza di persona con disabilit\u00e0, cos\u00ec come il <a href=\"http:\/\/www.piedicavalloinfo.it\/wordpress\/ristoranti-e-bar\/\"><span style=\"text-decoration: underline;\"><strong>Bar La Censa<\/strong><\/span><\/a>.<\/p>\n<p>[\/et_pb_text][\/et_pb_column][\/et_pb_row][\/et_pb_section]<\/p>\n","protected":false},"excerpt":{"rendered":"<p>Piedicavallo accessibile Paese antico e di montagna, Piedicavallo non \u00e8 un luogo privo di barriere architettoniche. La frazione Montesinaro, purtroppo, non \u00e8 da meno. Tuttavia, le strutture pi\u00f9 moderne e alcune disposizioni favorevoli rappresentano un\u2019apertura all\u2019accessibilit\u00e0. Il Municipio si trova in cima alla scalinata di via IV Novembre ma possiede un\u2019entrata secondaria, su via Garibaldi. [&hellip;]<\/p>\n","protected":false},"author":1,"featured_media":5526,"parent":0,"menu_order":0,"comment_status":"closed","ping_status":"closed","template":"","meta":{"_et_pb_use_builder":"on","_et_pb_old_content":"","_et_gb_content_width":"","om_disable_all_campaigns":false,"_monsterinsights_skip_tracking":false,"_monsterinsights_sitenote_active":false,"_monsterinsights_sitenote_note":"","_monsterinsights_sitenote_category":0,"_uf_show_specific_survey":0,"_uf_disable_surveys":false},"aioseo_notices":[],"yoast_head":"<!-- This site is optimized with the Yoast SEO plugin v21.8 - https:\/\/yoast.com\/wordpress\/plugins\/seo\/ -->\n<title>Piedicavallo accessibile a persone con disabilit\u00e0 | Piedicavalloinfo<\/title>\n<meta name=\"description\" content=\"Piedicavallo e Montesinaro, paesi di montagna, non sono privi di barriere architettoniche: &quot;Piedicavallo accessibile&quot; elenca i luoghi amici di tutti.\" \/>\n<meta name=\"robots\" content=\"index, follow, max-snippet:-1, max-image-preview:large, max-video-preview:-1\" \/>\n<link rel=\"canonical\" href=\"http:\/\/www.piedicavalloinfo.it\/wordpress\/piedicavallo-accessibile\/\" \/>\n<meta property=\"og:locale\" content=\"it_IT\" \/>\n<meta property=\"og:type\" content=\"article\" \/>\n<meta property=\"og:title\" content=\"Piedicavallo accessibile a persone con disabilit\u00e0 | Piedicavalloinfo\" \/>\n<meta property=\"og:description\" content=\"Piedicavallo e Montesinaro, paesi di montagna, non sono privi di barriere architettoniche: &quot;Piedicavallo accessibile&quot; elenca i luoghi amici di tutti.\" \/>\n<meta property=\"og:url\" content=\"http:\/\/www.piedicavalloinfo.it\/wordpress\/piedicavallo-accessibile\/\" \/>\n<meta property=\"og:site_name\" content=\"Piedicavallo Info - Il sito turistico\" \/>\n<meta property=\"article:publisher\" content=\"https:\/\/www.facebook.com\/Piedicavalloinfo.it\/\" \/>\n<meta property=\"article:modified_time\" content=\"2019-08-29T15:24:28+00:00\" \/>\n<meta property=\"og:image\" content=\"http:\/\/www.piedicavalloinfo.it\/wordpress\/wp-content\/uploads\/2019\/08\/Progetto-senza-titolo-6.png\" \/>\n\t<meta property=\"og:image:width\" content=\"1200\" \/>\n\t<meta property=\"og:image:height\" content=\"630\" \/>\n\t<meta property=\"og:image:type\" content=\"image\/png\" \/>\n<meta name=\"twitter:card\" content=\"summary_large_image\" \/>\n<meta name=\"twitter:label1\" content=\"Tempo di lettura stimato\" \/>\n\t<meta name=\"twitter:data1\" content=\"1 minuto\" \/>\n<script type=\"application\/ld+json\" class=\"yoast-schema-graph\">{\"@context\":\"https:\/\/schema.org\",\"@graph\":[{\"@type\":\"WebPage\",\"@id\":\"http:\/\/www.piedicavalloinfo.it\/wordpress\/piedicavallo-accessibile\/\",\"url\":\"http:\/\/www.piedicavalloinfo.it\/wordpress\/piedicavallo-accessibile\/\",\"name\":\"Piedicavallo accessibile a persone con disabilit\u00e0 | Piedicavalloinfo\",\"isPartOf\":{\"@id\":\"http:\/\/www.piedicavalloinfo.it\/wordpress\/#website\"},\"datePublished\":\"2019-06-12T09:59:58+00:00\",\"dateModified\":\"2019-08-29T15:24:28+00:00\",\"description\":\"Piedicavallo e Montesinaro, paesi di montagna, non sono privi di barriere architettoniche: \\\"Piedicavallo accessibile\\\" elenca i luoghi amici di tutti.\",\"breadcrumb\":{\"@id\":\"http:\/\/www.piedicavalloinfo.it\/wordpress\/piedicavallo-accessibile\/#breadcrumb\"},\"inLanguage\":\"it-IT\",\"potentialAction\":[{\"@type\":\"ReadAction\",\"target\":[\"http:\/\/www.piedicavalloinfo.it\/wordpress\/piedicavallo-accessibile\/\"]}]},{\"@type\":\"BreadcrumbList\",\"@id\":\"http:\/\/www.piedicavalloinfo.it\/wordpress\/piedicavallo-accessibile\/#breadcrumb\",\"itemListElement\":[{\"@type\":\"ListItem\",\"position\":1,\"name\":\"Home\",\"item\":\"http:\/\/www.piedicavalloinfo.it\/wordpress\/\"},{\"@type\":\"ListItem\",\"position\":2,\"name\":\"piedicavallo accessibile\"}]},{\"@type\":\"WebSite\",\"@id\":\"http:\/\/www.piedicavalloinfo.it\/wordpress\/#website\",\"url\":\"http:\/\/www.piedicavalloinfo.it\/wordpress\/\",\"name\":\"Piedicavallo Info - Il sito turistico\",\"description\":\"\",\"publisher\":{\"@id\":\"http:\/\/www.piedicavalloinfo.it\/wordpress\/#organization\"},\"potentialAction\":[{\"@type\":\"SearchAction\",\"target\":{\"@type\":\"EntryPoint\",\"urlTemplate\":\"http:\/\/www.piedicavalloinfo.it\/wordpress\/?s={search_term_string}\"},\"query-input\":\"required name=search_term_string\"}],\"inLanguage\":\"it-IT\"},{\"@type\":\"Organization\",\"@id\":\"http:\/\/www.piedicavalloinfo.it\/wordpress\/#organization\",\"name\":\"Piedicavallo Info\",\"url\":\"http:\/\/www.piedicavalloinfo.it\/wordpress\/\",\"logo\":{\"@type\":\"ImageObject\",\"inLanguage\":\"it-IT\",\"@id\":\"http:\/\/www.piedicavalloinfo.it\/wordpress\/#\/schema\/logo\/image\/\",\"url\":\"http:\/\/www.piedicavalloinfo.it\/wordpress\/wp-content\/uploads\/2019\/06\/logovers03.png\",\"contentUrl\":\"http:\/\/www.piedicavalloinfo.it\/wordpress\/wp-content\/uploads\/2019\/06\/logovers03.png\",\"width\":406,\"height\":232,\"caption\":\"Piedicavallo Info\"},\"image\":{\"@id\":\"http:\/\/www.piedicavalloinfo.it\/wordpress\/#\/schema\/logo\/image\/\"},\"sameAs\":[\"https:\/\/www.facebook.com\/Piedicavalloinfo.it\/\",\"https:\/\/www.instagram.com\/piedicavalloinfo\/\"]}]}<\/script>\n<!-- \/ Yoast SEO plugin. -->","yoast_head_json":{"title":"Piedicavallo accessibile a persone con disabilit\u00e0 | Piedicavalloinfo","description":"Piedicavallo e Montesinaro, paesi di montagna, non sono privi di barriere architettoniche: \"Piedicavallo accessibile\" elenca i luoghi amici di tutti.","robots":{"index":"index","follow":"follow","max-snippet":"max-snippet:-1","max-image-preview":"max-image-preview:large","max-video-preview":"max-video-preview:-1"},"canonical":"http:\/\/www.piedicavalloinfo.it\/wordpress\/piedicavallo-accessibile\/","og_locale":"it_IT","og_type":"article","og_title":"Piedicavallo accessibile a persone con disabilit\u00e0 | Piedicavalloinfo","og_description":"Piedicavallo e Montesinaro, paesi di montagna, non sono privi di barriere architettoniche: \"Piedicavallo accessibile\" elenca i luoghi amici di tutti.","og_url":"http:\/\/www.piedicavalloinfo.it\/wordpress\/piedicavallo-accessibile\/","og_site_name":"Piedicavallo Info - Il sito turistico","article_publisher":"https:\/\/www.facebook.com\/Piedicavalloinfo.it\/","article_modified_time":"2019-08-29T15:24:28+00:00","og_image":[{"width":1200,"height":630,"url":"http:\/\/www.piedicavalloinfo.it\/wordpress\/wp-content\/uploads\/2019\/08\/Progetto-senza-titolo-6.png","type":"image\/png"}],"twitter_card":"summary_large_image","twitter_misc":{"Tempo di lettura stimato":"1 minuto"},"schema":{"@context":"https:\/\/schema.org","@graph":[{"@type":"WebPage","@id":"http:\/\/www.piedicavalloinfo.it\/wordpress\/piedicavallo-accessibile\/","url":"http:\/\/www.piedicavalloinfo.it\/wordpress\/piedicavallo-accessibile\/","name":"Piedicavallo accessibile a persone con disabilit\u00e0 | Piedicavalloinfo","isPartOf":{"@id":"http:\/\/www.piedicavalloinfo.it\/wordpress\/#website"},"datePublished":"2019-06-12T09:59:58+00:00","dateModified":"2019-08-29T15:24:28+00:00","description":"Piedicavallo e Montesinaro, paesi di montagna, non sono privi di barriere architettoniche: \"Piedicavallo accessibile\" elenca i luoghi amici di tutti.","breadcrumb":{"@id":"http:\/\/www.piedicavalloinfo.it\/wordpress\/piedicavallo-accessibile\/#breadcrumb"},"inLanguage":"it-IT","potentialAction":[{"@type":"ReadAction","target":["http:\/\/www.piedicavalloinfo.it\/wordpress\/piedicavallo-accessibile\/"]}]},{"@type":"BreadcrumbList","@id":"http:\/\/www.piedicavalloinfo.it\/wordpress\/piedicavallo-accessibile\/#breadcrumb","itemListElement":[{"@type":"ListItem","position":1,"name":"Home","item":"http:\/\/www.piedicavalloinfo.it\/wordpress\/"},{"@type":"ListItem","position":2,"name":"piedicavallo accessibile"}]},{"@type":"WebSite","@id":"http:\/\/www.piedicavalloinfo.it\/wordpress\/#website","url":"http:\/\/www.piedicavalloinfo.it\/wordpress\/","name":"Piedicavallo Info - Il sito turistico","description":"","publisher":{"@id":"http:\/\/www.piedicavalloinfo.it\/wordpress\/#organization"},"potentialAction":[{"@type":"SearchAction","target":{"@type":"EntryPoint","urlTemplate":"http:\/\/www.piedicavalloinfo.it\/wordpress\/?s={search_term_string}"},"query-input":"required name=search_term_string"}],"inLanguage":"it-IT"},{"@type":"Organization","@id":"http:\/\/www.piedicavalloinfo.it\/wordpress\/#organization","name":"Piedicavallo Info","url":"http:\/\/www.piedicavalloinfo.it\/wordpress\/","logo":{"@type":"ImageObject","inLanguage":"it-IT","@id":"http:\/\/www.piedicavalloinfo.it\/wordpress\/#\/schema\/logo\/image\/","url":"http:\/\/www.piedicavalloinfo.it\/wordpress\/wp-content\/uploads\/2019\/06\/logovers03.png","contentUrl":"http:\/\/www.piedicavalloinfo.it\/wordpress\/wp-content\/uploads\/2019\/06\/logovers03.png","width":406,"height":232,"caption":"Piedicavallo Info"},"image":{"@id":"http:\/\/www.piedicavalloinfo.it\/wordpress\/#\/schema\/logo\/image\/"},"sameAs":["https:\/\/www.facebook.com\/Piedicavalloinfo.it\/","https:\/\/www.instagram.com\/piedicavalloinfo\/"]}]}},"_links":{"self":[{"href":"http:\/\/www.piedicavalloinfo.it\/wordpress\/wp-json\/wp\/v2\/pages\/3772"}],"collection":[{"href":"http:\/\/www.piedicavalloinfo.it\/wordpress\/wp-json\/wp\/v2\/pages"}],"about":[{"href":"http:\/\/www.piedicavalloinfo.it\/wordpress\/wp-json\/wp\/v2\/types\/page"}],"author":[{"embeddable":true,"href":"http:\/\/www.piedicavalloinfo.it\/wordpress\/wp-json\/wp\/v2\/users\/1"}],"replies":[{"embeddable":true,"href":"http:\/\/www.piedicavalloinfo.it\/wordpress\/wp-json\/wp\/v2\/comments?post=3772"}],"version-history":[{"count":10,"href":"http:\/\/www.piedicavalloinfo.it\/wordpress\/wp-json\/wp\/v2\/pages\/3772\/revisions"}],"predecessor-version":[{"id":4463,"href":"http:\/\/www.piedicavalloinfo.it\/wordpress\/wp-json\/wp\/v2\/pages\/3772\/revisions\/4463"}],"wp:featuredmedia":[{"embeddable":true,"href":"http:\/\/www.piedicavalloinfo.it\/wordpress\/wp-json\/wp\/v2\/media\/5526"}],"wp:attachment":[{"href":"http:\/\/www.piedicavalloinfo.it\/wordpress\/wp-json\/wp\/v2\/media?parent=3772"}],"curies":[{"name":"wp","href":"https:\/\/api.w.org\/{rel}","templated":true}]}}