{"id":10059,"date":"2025-02-10T12:29:40","date_gmt":"2025-02-10T11:29:40","guid":{"rendered":"https:\/\/www.piedicavalloinfo.it\/wordpress\/?page_id=10059"},"modified":"2025-02-18T11:01:33","modified_gmt":"2025-02-18T10:01:33","slug":"elisa-goss","status":"publish","type":"page","link":"https:\/\/www.piedicavalloinfo.it\/wordpress\/elisa-goss\/","title":{"rendered":"Elisa Goss"},"content":{"rendered":"<p>[et_pb_section fb_built=&#8221;1&#8243; admin_label=&#8221;section&#8221; _builder_version=&#8221;4.16&#8243; global_colors_info=&#8221;{}&#8221;][et_pb_row _builder_version=&#8221;4.25.2&#8243; _module_preset=&#8221;default&#8221; global_colors_info=&#8221;{}&#8221;][et_pb_column type=&#8221;4_4&#8243; _builder_version=&#8221;4.25.2&#8243; _module_preset=&#8221;default&#8221; global_colors_info=&#8221;{}&#8221;][et_pb_text _builder_version=&#8221;4.25.2&#8243; _module_preset=&#8221;default&#8221; custom_padding=&#8221;||0px|||&#8221; global_colors_info=&#8221;{}&#8221;]<\/p>\n<h1><span style=\"color: #f9912c;\"><strong>Elisa Goss<\/strong><\/span><\/h1>\n<p><span style=\"color: #f9912c;\"><strong><\/strong><\/span><\/p>\n<p>[\/et_pb_text][\/et_pb_column][\/et_pb_row][et_pb_row admin_label=&#8221;row&#8221; _builder_version=&#8221;4.16&#8243; background_size=&#8221;initial&#8221; background_position=&#8221;top_left&#8221; background_repeat=&#8221;repeat&#8221; global_colors_info=&#8221;{}&#8221;][et_pb_column type=&#8221;4_4&#8243; _builder_version=&#8221;4.16&#8243; custom_padding=&#8221;|||&#8221; global_colors_info=&#8221;{}&#8221; custom_padding__hover=&#8221;|||&#8221;][et_pb_text admin_label=&#8221;Text&#8221; _builder_version=&#8221;4.25.2&#8243; background_size=&#8221;initial&#8221; background_position=&#8221;top_left&#8221; background_repeat=&#8221;repeat&#8221; hover_enabled=&#8221;0&#8243; global_colors_info=&#8221;{}&#8221; sticky_enabled=&#8221;0&#8243;]<\/p>\n<p>Sebbene non originaria di Piedicavallo, la maestra <strong>Elisa Goss<\/strong> merita spazio tra i protagonisti della storia locale.<br \/>Nata a San Secondo (Torino) probabilmente nel <strong>1859<\/strong>, Elisa Susanna Ottavia Goss, figlia di Eliseo, <strong>giunse a Piedicavallo nel 1888<\/strong>, in compagnia della madre, su mandato della Tavola Valdese per istituire una scuola valdese in paese. Il 17 settembre 1892 spos\u00f2 il geometra Cesare Jon Scotta fu Carlo Antonio, un anno pi\u00f9 anziano, con il quale condivideva la fede e dal quale ebbe <strong>quattro figli<\/strong>: Annita, nata il 3 aprile 1894, Carlo, nato il 25 agosto 1895, Cesare Bartolomeo, nato il 9 giugno 1898, e Giulio. La figlia di Giulio, Lilia, divenne poetessa e spos\u00f2 il calciatore Ezio Loik.<br \/>L&#8217;instancabile attivit\u00e0 di Elisa Goss e la progressiva conversione degli abitanti dell&#8217;Alta Valle Cervo al <a href=\"https:\/\/www.piedicavalloinfo.it\/wordpress\/tempio-valdese-2\/\" target=\"_blank\" rel=\"noopener\"><strong><span style=\"text-decoration: underline;\">culto valdese<\/span> <\/strong><\/a>resero la scuola popolare, frequentata da molti bambini per un ventennio.<\/p>\n<p>Il <em>Bollettino della missione della Chiesa Evangelica Valdese<\/em> del gennaio 1889 scrive che \u00abla scuola contribu\u00ec molto allo sviluppo ed al consolidamento dell&#8217;opera; la signorina E. Goss, in mezzo all&#8217;affetto dei fratelli, conduce con mano ferma ed affettuosa ad un tempo, le scuole diurna, domenicale e serale\u00bb.<\/p>\n<p>La sua attivit\u00e0 in paese influenz\u00f2 profondamente la comunit\u00e0 di Piedicavallo, soprattutto la popolazione femminile, che trov\u00f2 nella maestra del Tempio una confidente e una guida.<\/p>\n<p>[\/et_pb_text][\/et_pb_column][\/et_pb_row][et_pb_row column_structure=&#8221;1_4,1_2,1_4&#8243; _builder_version=&#8221;4.25.2&#8243; _module_preset=&#8221;default&#8221; min_height=&#8221;251.7px&#8221; global_colors_info=&#8221;{}&#8221;][et_pb_column type=&#8221;1_4&#8243; _builder_version=&#8221;4.25.2&#8243; _module_preset=&#8221;default&#8221; global_colors_info=&#8221;{}&#8221;][\/et_pb_column][et_pb_column type=&#8221;1_2&#8243; _builder_version=&#8221;4.25.2&#8243; _module_preset=&#8221;default&#8221; global_colors_info=&#8221;{}&#8221;][et_pb_image src=&#8221;http:\/\/www.piedicavalloinfo.it\/wordpress\/wp-content\/uploads\/2025\/02\/Elisa-Goss_Firma.png&#8221; alt=&#8221;La firma della Maestra Elisa Goss: Elisa Jon-Scotta-Goss Insegnante Evangelica Valdese&#8221; title_text=&#8221;Elisa Goss_Firma&#8221; _builder_version=&#8221;4.25.2&#8243; _module_preset=&#8221;default&#8221; custom_padding=&#8221;|||0px||&#8221; global_colors_info=&#8221;{}&#8221;][\/et_pb_image][\/et_pb_column][et_pb_column type=&#8221;1_4&#8243; _builder_version=&#8221;4.25.2&#8243; _module_preset=&#8221;default&#8221; global_colors_info=&#8221;{}&#8221;][\/et_pb_column][\/et_pb_row][et_pb_row _builder_version=&#8221;4.25.2&#8243; _module_preset=&#8221;default&#8221; global_colors_info=&#8221;{}&#8221;][et_pb_column type=&#8221;4_4&#8243; _builder_version=&#8221;4.25.2&#8243; _module_preset=&#8221;default&#8221; global_colors_info=&#8221;{}&#8221;][et_pb_gallery gallery_ids=&#8221;10078,10079&#8243; posts_number=&#8221;2&#8243; show_title_and_caption=&#8221;off&#8221; show_pagination=&#8221;off&#8221; _builder_version=&#8221;4.25.2&#8243; _module_preset=&#8221;default&#8221; global_colors_info=&#8221;{}&#8221;][\/et_pb_gallery][\/et_pb_column][\/et_pb_row][\/et_pb_section]<\/p>\n","protected":false},"excerpt":{"rendered":"<p>Elisa Goss Sebbene non originaria di Piedicavallo, la maestra Elisa Goss merita spazio tra i protagonisti della storia locale.Nata a San Secondo (Torino) probabilmente nel 1859, Elisa Susanna Ottavia Goss, figlia di Eliseo, giunse a Piedicavallo nel 1888, in compagnia della madre, su mandato della Tavola Valdese per istituire una scuola valdese in paese. Il [&hellip;]<\/p>\n","protected":false},"author":2,"featured_media":10069,"parent":0,"menu_order":0,"comment_status":"closed","ping_status":"closed","template":"","meta":{"_et_pb_use_builder":"on","_et_pb_old_content":"Sebbene non originaria di Piedicavallo, la maestra Elisa Goss merita spazio tra i protagonisti della storia locale.\r\nNata a Luserna San Giovanni, nel 1888 giunse a Piedicavallo, in compagnia della madre, su mandato della Tavola Valdese per istituire una scuola valdese in paese. Poco dopo il suo arrivo in paese, spos\u00f2 il geometra Cesara Jon Scotta, con il quale condivideva la fede e dal quale ebbe quattro figli. L'instancabile attivit\u00e0 di Elisa Goss e la progressiva conversione degli abitanti dell'Alta Valle Cervo al culto valdese resero la scuola popolare, frequentata da molti bambini per un ventennio.\r\n\r\nIl Bollettino della missione della Chiesa Evangelica Valdese del gennaio 1889 scrive che \u00abla scuola contribu\u00ec molto allo sviluppo ed al consolidamento dell'opera; la signorina E. Goss, in mezzo all'affetto dei fratelli, conduce con mano ferma ed affettuosa ad un tempo, le scuole diurna, domenicale e serale\u00bb.\r\n\r\nLa sua attivit\u00e0 in paese influenz\u00f2 profondamente la comunit\u00e0 di Piedicavallo, soprattutto la popolazione femminile, che trov\u00f2 nella maestra del Tempio una confidente e una guida.\r\n\r\n<img class=\"size-full wp-image-10060 aligncenter\" src=\"http:\/\/www.piedicavalloinfo.it\/wordpress\/wp-content\/uploads\/2025\/02\/Elisa-Goss_Firma.png\" alt=\"La firma della Maestra Elisa Goss: Elisa Jon-Scotta-Goss Insegnante Evangelica Valdese\" width=\"633\" height=\"182\" \/>","_et_gb_content_width":"","om_disable_all_campaigns":false,"_monsterinsights_skip_tracking":false,"_monsterinsights_sitenote_active":false,"_monsterinsights_sitenote_note":"","_monsterinsights_sitenote_category":0,"_uf_show_specific_survey":0,"_uf_disable_surveys":false},"aioseo_notices":[],"yoast_head":"<!-- This site is optimized with the Yoast SEO plugin v21.8 - https:\/\/yoast.com\/wordpress\/plugins\/seo\/ -->\n<title>Elisa Goss | Piedicavallo Info - Il sito turistico<\/title>\n<meta name=\"description\" content=\"Nata a Luserna San Giovanni, nel 1888 giunse a Piedicavallo, in compagnia della madre, per istituire una scuola valdese in paese\" \/>\n<meta name=\"robots\" content=\"index, follow, max-snippet:-1, max-image-preview:large, max-video-preview:-1\" \/>\n<link rel=\"canonical\" href=\"https:\/\/www.piedicavalloinfo.it\/wordpress\/elisa-goss\/\" \/>\n<meta property=\"og:locale\" content=\"it_IT\" \/>\n<meta property=\"og:type\" content=\"article\" \/>\n<meta property=\"og:title\" content=\"Elisa Goss | Piedicavallo Info - Il sito turistico\" \/>\n<meta property=\"og:description\" content=\"Nata a Luserna San Giovanni, nel 1888 giunse a Piedicavallo, in compagnia della madre, per istituire una scuola valdese in paese\" \/>\n<meta property=\"og:url\" content=\"https:\/\/www.piedicavalloinfo.it\/wordpress\/elisa-goss\/\" \/>\n<meta property=\"og:site_name\" content=\"Piedicavallo Info - Il sito turistico\" \/>\n<meta property=\"article:publisher\" content=\"https:\/\/www.facebook.com\/Piedicavalloinfo.it\/\" \/>\n<meta property=\"article:modified_time\" content=\"2025-02-18T10:01:33+00:00\" \/>\n<meta property=\"og:image\" content=\"https:\/\/www.piedicavalloinfo.it\/wordpress\/wp-content\/uploads\/2025\/02\/Elisa-Goss_Maestra_Piedicavallo.png\" \/>\n\t<meta property=\"og:image:width\" content=\"1200\" \/>\n\t<meta property=\"og:image:height\" content=\"630\" \/>\n\t<meta property=\"og:image:type\" content=\"image\/png\" \/>\n<meta name=\"twitter:card\" content=\"summary_large_image\" \/>\n<meta name=\"twitter:label1\" content=\"Tempo di lettura stimato\" \/>\n\t<meta name=\"twitter:data1\" content=\"2 minuti\" \/>\n<script type=\"application\/ld+json\" class=\"yoast-schema-graph\">{\"@context\":\"https:\/\/schema.org\",\"@graph\":[{\"@type\":\"WebPage\",\"@id\":\"https:\/\/www.piedicavalloinfo.it\/wordpress\/elisa-goss\/\",\"url\":\"https:\/\/www.piedicavalloinfo.it\/wordpress\/elisa-goss\/\",\"name\":\"Elisa Goss | Piedicavallo Info - Il sito turistico\",\"isPartOf\":{\"@id\":\"https:\/\/www.piedicavalloinfo.it\/wordpress\/#website\"},\"datePublished\":\"2025-02-10T11:29:40+00:00\",\"dateModified\":\"2025-02-18T10:01:33+00:00\",\"description\":\"Nata a Luserna San Giovanni, nel 1888 giunse a Piedicavallo, in compagnia della madre, per istituire una scuola valdese in paese\",\"breadcrumb\":{\"@id\":\"https:\/\/www.piedicavalloinfo.it\/wordpress\/elisa-goss\/#breadcrumb\"},\"inLanguage\":\"it-IT\",\"potentialAction\":[{\"@type\":\"ReadAction\",\"target\":[\"https:\/\/www.piedicavalloinfo.it\/wordpress\/elisa-goss\/\"]}]},{\"@type\":\"BreadcrumbList\",\"@id\":\"https:\/\/www.piedicavalloinfo.it\/wordpress\/elisa-goss\/#breadcrumb\",\"itemListElement\":[{\"@type\":\"ListItem\",\"position\":1,\"name\":\"Home\",\"item\":\"https:\/\/www.piedicavalloinfo.it\/wordpress\/\"},{\"@type\":\"ListItem\",\"position\":2,\"name\":\"Elisa Goss\"}]},{\"@type\":\"WebSite\",\"@id\":\"https:\/\/www.piedicavalloinfo.it\/wordpress\/#website\",\"url\":\"https:\/\/www.piedicavalloinfo.it\/wordpress\/\",\"name\":\"Piedicavallo Info - Il sito turistico\",\"description\":\"\",\"publisher\":{\"@id\":\"https:\/\/www.piedicavalloinfo.it\/wordpress\/#organization\"},\"potentialAction\":[{\"@type\":\"SearchAction\",\"target\":{\"@type\":\"EntryPoint\",\"urlTemplate\":\"https:\/\/www.piedicavalloinfo.it\/wordpress\/?s={search_term_string}\"},\"query-input\":\"required name=search_term_string\"}],\"inLanguage\":\"it-IT\"},{\"@type\":\"Organization\",\"@id\":\"https:\/\/www.piedicavalloinfo.it\/wordpress\/#organization\",\"name\":\"Piedicavallo Info\",\"url\":\"https:\/\/www.piedicavalloinfo.it\/wordpress\/\",\"logo\":{\"@type\":\"ImageObject\",\"inLanguage\":\"it-IT\",\"@id\":\"https:\/\/www.piedicavalloinfo.it\/wordpress\/#\/schema\/logo\/image\/\",\"url\":\"http:\/\/www.piedicavalloinfo.it\/wordpress\/wp-content\/uploads\/2019\/06\/logovers03.png\",\"contentUrl\":\"http:\/\/www.piedicavalloinfo.it\/wordpress\/wp-content\/uploads\/2019\/06\/logovers03.png\",\"width\":406,\"height\":232,\"caption\":\"Piedicavallo Info\"},\"image\":{\"@id\":\"https:\/\/www.piedicavalloinfo.it\/wordpress\/#\/schema\/logo\/image\/\"},\"sameAs\":[\"https:\/\/www.facebook.com\/Piedicavalloinfo.it\/\",\"https:\/\/www.instagram.com\/piedicavalloinfo\/\"]}]}<\/script>\n<!-- \/ Yoast SEO plugin. -->","yoast_head_json":{"title":"Elisa Goss | Piedicavallo Info - Il sito turistico","description":"Nata a Luserna San Giovanni, nel 1888 giunse a Piedicavallo, in compagnia della madre, per istituire una scuola valdese in paese","robots":{"index":"index","follow":"follow","max-snippet":"max-snippet:-1","max-image-preview":"max-image-preview:large","max-video-preview":"max-video-preview:-1"},"canonical":"https:\/\/www.piedicavalloinfo.it\/wordpress\/elisa-goss\/","og_locale":"it_IT","og_type":"article","og_title":"Elisa Goss | Piedicavallo Info - Il sito turistico","og_description":"Nata a Luserna San Giovanni, nel 1888 giunse a Piedicavallo, in compagnia della madre, per istituire una scuola valdese in paese","og_url":"https:\/\/www.piedicavalloinfo.it\/wordpress\/elisa-goss\/","og_site_name":"Piedicavallo Info - Il sito turistico","article_publisher":"https:\/\/www.facebook.com\/Piedicavalloinfo.it\/","article_modified_time":"2025-02-18T10:01:33+00:00","og_image":[{"width":1200,"height":630,"url":"https:\/\/www.piedicavalloinfo.it\/wordpress\/wp-content\/uploads\/2025\/02\/Elisa-Goss_Maestra_Piedicavallo.png","type":"image\/png"}],"twitter_card":"summary_large_image","twitter_misc":{"Tempo di lettura stimato":"2 minuti"},"schema":{"@context":"https:\/\/schema.org","@graph":[{"@type":"WebPage","@id":"https:\/\/www.piedicavalloinfo.it\/wordpress\/elisa-goss\/","url":"https:\/\/www.piedicavalloinfo.it\/wordpress\/elisa-goss\/","name":"Elisa Goss | Piedicavallo Info - Il sito turistico","isPartOf":{"@id":"https:\/\/www.piedicavalloinfo.it\/wordpress\/#website"},"datePublished":"2025-02-10T11:29:40+00:00","dateModified":"2025-02-18T10:01:33+00:00","description":"Nata a Luserna San Giovanni, nel 1888 giunse a Piedicavallo, in compagnia della madre, per istituire una scuola valdese in paese","breadcrumb":{"@id":"https:\/\/www.piedicavalloinfo.it\/wordpress\/elisa-goss\/#breadcrumb"},"inLanguage":"it-IT","potentialAction":[{"@type":"ReadAction","target":["https:\/\/www.piedicavalloinfo.it\/wordpress\/elisa-goss\/"]}]},{"@type":"BreadcrumbList","@id":"https:\/\/www.piedicavalloinfo.it\/wordpress\/elisa-goss\/#breadcrumb","itemListElement":[{"@type":"ListItem","position":1,"name":"Home","item":"https:\/\/www.piedicavalloinfo.it\/wordpress\/"},{"@type":"ListItem","position":2,"name":"Elisa Goss"}]},{"@type":"WebSite","@id":"https:\/\/www.piedicavalloinfo.it\/wordpress\/#website","url":"https:\/\/www.piedicavalloinfo.it\/wordpress\/","name":"Piedicavallo Info - Il sito turistico","description":"","publisher":{"@id":"https:\/\/www.piedicavalloinfo.it\/wordpress\/#organization"},"potentialAction":[{"@type":"SearchAction","target":{"@type":"EntryPoint","urlTemplate":"https:\/\/www.piedicavalloinfo.it\/wordpress\/?s={search_term_string}"},"query-input":"required name=search_term_string"}],"inLanguage":"it-IT"},{"@type":"Organization","@id":"https:\/\/www.piedicavalloinfo.it\/wordpress\/#organization","name":"Piedicavallo Info","url":"https:\/\/www.piedicavalloinfo.it\/wordpress\/","logo":{"@type":"ImageObject","inLanguage":"it-IT","@id":"https:\/\/www.piedicavalloinfo.it\/wordpress\/#\/schema\/logo\/image\/","url":"http:\/\/www.piedicavalloinfo.it\/wordpress\/wp-content\/uploads\/2019\/06\/logovers03.png","contentUrl":"http:\/\/www.piedicavalloinfo.it\/wordpress\/wp-content\/uploads\/2019\/06\/logovers03.png","width":406,"height":232,"caption":"Piedicavallo Info"},"image":{"@id":"https:\/\/www.piedicavalloinfo.it\/wordpress\/#\/schema\/logo\/image\/"},"sameAs":["https:\/\/www.facebook.com\/Piedicavalloinfo.it\/","https:\/\/www.instagram.com\/piedicavalloinfo\/"]}]}},"_links":{"self":[{"href":"https:\/\/www.piedicavalloinfo.it\/wordpress\/wp-json\/wp\/v2\/pages\/10059"}],"collection":[{"href":"https:\/\/www.piedicavalloinfo.it\/wordpress\/wp-json\/wp\/v2\/pages"}],"about":[{"href":"https:\/\/www.piedicavalloinfo.it\/wordpress\/wp-json\/wp\/v2\/types\/page"}],"author":[{"embeddable":true,"href":"https:\/\/www.piedicavalloinfo.it\/wordpress\/wp-json\/wp\/v2\/users\/2"}],"replies":[{"embeddable":true,"href":"https:\/\/www.piedicavalloinfo.it\/wordpress\/wp-json\/wp\/v2\/comments?post=10059"}],"version-history":[{"count":17,"href":"https:\/\/www.piedicavalloinfo.it\/wordpress\/wp-json\/wp\/v2\/pages\/10059\/revisions"}],"predecessor-version":[{"id":10172,"href":"https:\/\/www.piedicavalloinfo.it\/wordpress\/wp-json\/wp\/v2\/pages\/10059\/revisions\/10172"}],"wp:featuredmedia":[{"embeddable":true,"href":"https:\/\/www.piedicavalloinfo.it\/wordpress\/wp-json\/wp\/v2\/media\/10069"}],"wp:attachment":[{"href":"https:\/\/www.piedicavalloinfo.it\/wordpress\/wp-json\/wp\/v2\/media?parent=10059"}],"curies":[{"name":"wp","href":"https:\/\/api.w.org\/{rel}","templated":true}]}}