{"id":2408,"date":"2018-10-18T10:41:38","date_gmt":"2018-10-18T08:41:38","guid":{"rendered":"http:\/\/www.piedicavalloinfo.it\/wordpress\/?page_id=2408"},"modified":"2021-04-15T11:18:40","modified_gmt":"2021-04-15T09:18:40","slug":"luoghi-di-culto","status":"publish","type":"page","link":"https:\/\/www.piedicavalloinfo.it\/wordpress\/luoghi-di-culto\/","title":{"rendered":"luoghi di culto"},"content":{"rendered":"<p>[et_pb_section fb_built=&#8221;1&#8243; _builder_version=&#8221;3.17.1&#8243; background_image=&#8221;http:\/\/www.piedicavalloinfo.it\/wordpress\/wp-content\/uploads\/2019\/02\/500_18.jpg&#8221; custom_padding=&#8221;0px|0px|100px|0px|false|false&#8221;][\/et_pb_section][et_pb_section fb_built=&#8221;1&#8243; _builder_version=&#8221;3.17.1&#8243; custom_padding=&#8221;0px|0px|68px|0px|false|false&#8221;][et_pb_row custom_padding=&#8221;31px|0px|0|0px|false|false&#8221; _builder_version=&#8221;3.17.1&#8243;][et_pb_column type=&#8221;4_4&#8243; _builder_version=&#8221;3.17.1&#8243; parallax=&#8221;off&#8221; parallax_method=&#8221;on&#8221;][et_pb_text _builder_version=&#8221;3.17.1&#8243;]<\/p>\n<h3><span style=\"color: #047f04;\"><strong><span style=\"color: #f9912c;\">Luoghi di Culto<\/span><br \/>\n<\/strong><\/span><\/h3>\n<p>[\/et_pb_text][\/et_pb_column][\/et_pb_row][et_pb_row custom_padding=&#8221;11px|0px|0|0px|false|false&#8221; _builder_version=&#8221;3.17.1&#8243;][et_pb_column type=&#8221;4_4&#8243; _builder_version=&#8221;3.17.1&#8243; parallax=&#8221;off&#8221; parallax_method=&#8221;on&#8221;][et_pb_text _builder_version=&#8221;3.17.1&#8243;]<\/p>\n<p style=\"text-align: justify;\">Bench\u00e9 piccolo, Piedicavallo \u00e8 caratterizzato da un\u2019interessante storia religiosa e i luoghi di culto presenti ne evidenziano le peculiarit\u00e0.<br \/>\nIl culto pi\u00f9 praticato rimane quello cristiano cattolico: la chiesa principale \u00e8 quella di Piedicavallo, dedicata a <strong>San Michele Arcangelo<\/strong>. Anche la frazione, Montesinaro, possiede una sua chiesa, quella dedicata a <strong>San Grato<\/strong>.<br \/>\nParticolare \u00e8 poi la presenza, in un centro tanto piccolo, di un luogo di culto che si discosta da quelli di tradizione cattolica: il <strong>Tempio Valdese<\/strong> di Piedicavallo.<br \/>\nSono numerosissimi, poi, gli oratori e le cappelle votive, che accompagnano il cammino di chi visita il territorio.<\/p>\n<p>[\/et_pb_text][\/et_pb_column][\/et_pb_row][\/et_pb_section][et_pb_section fb_built=&#8221;1&#8243; _builder_version=&#8221;3.17.1&#8243; custom_padding=&#8221;0px|0px|101px|0px|false|false&#8221;][et_pb_row custom_padding=&#8221;0|0px|0|0px|false|false&#8221; module_class=&#8221;et_pb_gutters1 et_pb_row_fullwidth&#8221; _builder_version=&#8221;3.17.1&#8243;][et_pb_column type=&#8221;1_3&#8243; _builder_version=&#8221;3.17.1&#8243; parallax=&#8221;off&#8221; parallax_method=&#8221;on&#8221;][et_pb_slider _builder_version=&#8221;3.17.1&#8243;][et_pb_slide button_text=&#8221;CHIESA DI SAN MICHELE&#8221; button_link=&#8221;http:\/\/www.piedicavalloinfo.it\/wordpress\/chiesa-di-san-michele\/&#8221; _builder_version=&#8221;3.17.1&#8243; background_image=&#8221;http:\/\/www.piedicavalloinfo.it\/wordpress\/wp-content\/uploads\/2019\/02\/04_a.jpg&#8221;][\/et_pb_slide][\/et_pb_slider][\/et_pb_column][et_pb_column type=&#8221;1_3&#8243; _builder_version=&#8221;3.17.1&#8243; parallax=&#8221;off&#8221; parallax_method=&#8221;on&#8221;][et_pb_slider _builder_version=&#8221;3.17.1&#8243;][et_pb_slide button_text=&#8221;CHIESA DI SAN GRATO&#8221; button_link=&#8221;http:\/\/www.piedicavalloinfo.it\/wordpress\/chiesa-di-san-grato\/&#8221; _builder_version=&#8221;3.17.1&#8243; background_image=&#8221;http:\/\/www.piedicavalloinfo.it\/wordpress\/wp-content\/uploads\/2019\/02\/05_a.jpg&#8221;][\/et_pb_slide][\/et_pb_slider][\/et_pb_column][et_pb_column type=&#8221;1_3&#8243; _builder_version=&#8221;3.17.1&#8243; parallax=&#8221;off&#8221; parallax_method=&#8221;on&#8221;][et_pb_slider _builder_version=&#8221;3.17.1&#8243;][et_pb_slide button_text=&#8221;TEMPIO VALDESE&#8221; button_link=&#8221;http:\/\/www.piedicavalloinfo.it\/wordpress\/tempio-valdese-2\/&#8221; _builder_version=&#8221;3.17.1&#8243; background_image=&#8221;http:\/\/www.piedicavalloinfo.it\/wordpress\/wp-content\/uploads\/2019\/02\/06_a.jpg&#8221;][\/et_pb_slide][\/et_pb_slider][\/et_pb_column][\/et_pb_row][\/et_pb_section]<\/p>\n","protected":false},"excerpt":{"rendered":"<p>Luoghi di Culto Bench\u00e9 piccolo, Piedicavallo \u00e8 caratterizzato da un\u2019interessante storia religiosa e i luoghi di culto presenti ne evidenziano le peculiarit\u00e0. Il culto pi\u00f9 praticato rimane quello cristiano cattolico: la chiesa principale \u00e8 quella di Piedicavallo, dedicata a San Michele Arcangelo. Anche la frazione, Montesinaro, possiede una sua chiesa, quella dedicata a San Grato. [&hellip;]<\/p>\n","protected":false},"author":1,"featured_media":5515,"parent":0,"menu_order":0,"comment_status":"closed","ping_status":"closed","template":"","meta":{"_et_pb_use_builder":"on","_et_pb_old_content":"","_et_gb_content_width":"","om_disable_all_campaigns":false,"_monsterinsights_skip_tracking":false,"_monsterinsights_sitenote_active":false,"_monsterinsights_sitenote_note":"","_monsterinsights_sitenote_category":0,"_uf_show_specific_survey":0,"_uf_disable_surveys":false},"aioseo_notices":[],"yoast_head":"<!-- This site is optimized with the Yoast SEO plugin v21.8 - https:\/\/yoast.com\/wordpress\/plugins\/seo\/ -->\n<title>Luoghi di culto a Piedicavallo e Montesinaro | Piedicavalloinfo<\/title>\n<meta name=\"description\" content=\"A Piedicavallo si trovano diversi luoghi di culto: oltre ai due cimiteri, \u00e8 possibile ammirare il Tempio Valdese e le chiese di San Michele e San Grato.\" \/>\n<meta name=\"robots\" content=\"index, follow, max-snippet:-1, max-image-preview:large, max-video-preview:-1\" \/>\n<link rel=\"canonical\" href=\"https:\/\/www.piedicavalloinfo.it\/wordpress\/luoghi-di-culto\/\" \/>\n<meta property=\"og:locale\" content=\"it_IT\" \/>\n<meta property=\"og:type\" content=\"article\" \/>\n<meta property=\"og:title\" content=\"Luoghi di culto a Piedicavallo e Montesinaro | Piedicavalloinfo\" \/>\n<meta property=\"og:description\" content=\"A Piedicavallo si trovano diversi luoghi di culto: oltre ai due cimiteri, \u00e8 possibile ammirare il Tempio Valdese e le chiese di San Michele e San Grato.\" \/>\n<meta property=\"og:url\" content=\"https:\/\/www.piedicavalloinfo.it\/wordpress\/luoghi-di-culto\/\" \/>\n<meta property=\"og:site_name\" content=\"Piedicavallo Info - Il sito turistico\" \/>\n<meta property=\"article:publisher\" content=\"https:\/\/www.facebook.com\/Piedicavalloinfo.it\/\" \/>\n<meta property=\"article:modified_time\" content=\"2021-04-15T09:18:40+00:00\" \/>\n<meta property=\"og:image\" content=\"https:\/\/www.piedicavalloinfo.it\/wordpress\/wp-content\/uploads\/2019\/08\/Progetto-senza-titolo-1.png\" \/>\n\t<meta property=\"og:image:width\" content=\"1200\" \/>\n\t<meta property=\"og:image:height\" content=\"630\" \/>\n\t<meta property=\"og:image:type\" content=\"image\/png\" \/>\n<meta name=\"twitter:card\" content=\"summary_large_image\" \/>\n<meta name=\"twitter:label1\" content=\"Tempo di lettura stimato\" \/>\n\t<meta name=\"twitter:data1\" content=\"2 minuti\" \/>\n<script type=\"application\/ld+json\" class=\"yoast-schema-graph\">{\"@context\":\"https:\/\/schema.org\",\"@graph\":[{\"@type\":\"WebPage\",\"@id\":\"https:\/\/www.piedicavalloinfo.it\/wordpress\/luoghi-di-culto\/\",\"url\":\"https:\/\/www.piedicavalloinfo.it\/wordpress\/luoghi-di-culto\/\",\"name\":\"Luoghi di culto a Piedicavallo e Montesinaro | Piedicavalloinfo\",\"isPartOf\":{\"@id\":\"https:\/\/www.piedicavalloinfo.it\/wordpress\/#website\"},\"datePublished\":\"2018-10-18T08:41:38+00:00\",\"dateModified\":\"2021-04-15T09:18:40+00:00\",\"description\":\"A Piedicavallo si trovano diversi luoghi di culto: oltre ai due cimiteri, \u00e8 possibile ammirare il Tempio Valdese e le chiese di San Michele e San Grato.\",\"breadcrumb\":{\"@id\":\"https:\/\/www.piedicavalloinfo.it\/wordpress\/luoghi-di-culto\/#breadcrumb\"},\"inLanguage\":\"it-IT\",\"potentialAction\":[{\"@type\":\"ReadAction\",\"target\":[\"https:\/\/www.piedicavalloinfo.it\/wordpress\/luoghi-di-culto\/\"]}]},{\"@type\":\"BreadcrumbList\",\"@id\":\"https:\/\/www.piedicavalloinfo.it\/wordpress\/luoghi-di-culto\/#breadcrumb\",\"itemListElement\":[{\"@type\":\"ListItem\",\"position\":1,\"name\":\"Home\",\"item\":\"https:\/\/www.piedicavalloinfo.it\/wordpress\/\"},{\"@type\":\"ListItem\",\"position\":2,\"name\":\"luoghi di culto\"}]},{\"@type\":\"WebSite\",\"@id\":\"https:\/\/www.piedicavalloinfo.it\/wordpress\/#website\",\"url\":\"https:\/\/www.piedicavalloinfo.it\/wordpress\/\",\"name\":\"Piedicavallo Info - Il sito turistico\",\"description\":\"\",\"publisher\":{\"@id\":\"https:\/\/www.piedicavalloinfo.it\/wordpress\/#organization\"},\"potentialAction\":[{\"@type\":\"SearchAction\",\"target\":{\"@type\":\"EntryPoint\",\"urlTemplate\":\"https:\/\/www.piedicavalloinfo.it\/wordpress\/?s={search_term_string}\"},\"query-input\":\"required name=search_term_string\"}],\"inLanguage\":\"it-IT\"},{\"@type\":\"Organization\",\"@id\":\"https:\/\/www.piedicavalloinfo.it\/wordpress\/#organization\",\"name\":\"Piedicavallo Info\",\"url\":\"https:\/\/www.piedicavalloinfo.it\/wordpress\/\",\"logo\":{\"@type\":\"ImageObject\",\"inLanguage\":\"it-IT\",\"@id\":\"https:\/\/www.piedicavalloinfo.it\/wordpress\/#\/schema\/logo\/image\/\",\"url\":\"http:\/\/www.piedicavalloinfo.it\/wordpress\/wp-content\/uploads\/2019\/06\/logovers03.png\",\"contentUrl\":\"http:\/\/www.piedicavalloinfo.it\/wordpress\/wp-content\/uploads\/2019\/06\/logovers03.png\",\"width\":406,\"height\":232,\"caption\":\"Piedicavallo Info\"},\"image\":{\"@id\":\"https:\/\/www.piedicavalloinfo.it\/wordpress\/#\/schema\/logo\/image\/\"},\"sameAs\":[\"https:\/\/www.facebook.com\/Piedicavalloinfo.it\/\",\"https:\/\/www.instagram.com\/piedicavalloinfo\/\"]}]}<\/script>\n<!-- \/ Yoast SEO plugin. -->","yoast_head_json":{"title":"Luoghi di culto a Piedicavallo e Montesinaro | Piedicavalloinfo","description":"A Piedicavallo si trovano diversi luoghi di culto: oltre ai due cimiteri, \u00e8 possibile ammirare il Tempio Valdese e le chiese di San Michele e San Grato.","robots":{"index":"index","follow":"follow","max-snippet":"max-snippet:-1","max-image-preview":"max-image-preview:large","max-video-preview":"max-video-preview:-1"},"canonical":"https:\/\/www.piedicavalloinfo.it\/wordpress\/luoghi-di-culto\/","og_locale":"it_IT","og_type":"article","og_title":"Luoghi di culto a Piedicavallo e Montesinaro | Piedicavalloinfo","og_description":"A Piedicavallo si trovano diversi luoghi di culto: oltre ai due cimiteri, \u00e8 possibile ammirare il Tempio Valdese e le chiese di San Michele e San Grato.","og_url":"https:\/\/www.piedicavalloinfo.it\/wordpress\/luoghi-di-culto\/","og_site_name":"Piedicavallo Info - Il sito turistico","article_publisher":"https:\/\/www.facebook.com\/Piedicavalloinfo.it\/","article_modified_time":"2021-04-15T09:18:40+00:00","og_image":[{"width":1200,"height":630,"url":"https:\/\/www.piedicavalloinfo.it\/wordpress\/wp-content\/uploads\/2019\/08\/Progetto-senza-titolo-1.png","type":"image\/png"}],"twitter_card":"summary_large_image","twitter_misc":{"Tempo di lettura stimato":"2 minuti"},"schema":{"@context":"https:\/\/schema.org","@graph":[{"@type":"WebPage","@id":"https:\/\/www.piedicavalloinfo.it\/wordpress\/luoghi-di-culto\/","url":"https:\/\/www.piedicavalloinfo.it\/wordpress\/luoghi-di-culto\/","name":"Luoghi di culto a Piedicavallo e Montesinaro | Piedicavalloinfo","isPartOf":{"@id":"https:\/\/www.piedicavalloinfo.it\/wordpress\/#website"},"datePublished":"2018-10-18T08:41:38+00:00","dateModified":"2021-04-15T09:18:40+00:00","description":"A Piedicavallo si trovano diversi luoghi di culto: oltre ai due cimiteri, \u00e8 possibile ammirare il Tempio Valdese e le chiese di San Michele e San Grato.","breadcrumb":{"@id":"https:\/\/www.piedicavalloinfo.it\/wordpress\/luoghi-di-culto\/#breadcrumb"},"inLanguage":"it-IT","potentialAction":[{"@type":"ReadAction","target":["https:\/\/www.piedicavalloinfo.it\/wordpress\/luoghi-di-culto\/"]}]},{"@type":"BreadcrumbList","@id":"https:\/\/www.piedicavalloinfo.it\/wordpress\/luoghi-di-culto\/#breadcrumb","itemListElement":[{"@type":"ListItem","position":1,"name":"Home","item":"https:\/\/www.piedicavalloinfo.it\/wordpress\/"},{"@type":"ListItem","position":2,"name":"luoghi di culto"}]},{"@type":"WebSite","@id":"https:\/\/www.piedicavalloinfo.it\/wordpress\/#website","url":"https:\/\/www.piedicavalloinfo.it\/wordpress\/","name":"Piedicavallo Info - Il sito turistico","description":"","publisher":{"@id":"https:\/\/www.piedicavalloinfo.it\/wordpress\/#organization"},"potentialAction":[{"@type":"SearchAction","target":{"@type":"EntryPoint","urlTemplate":"https:\/\/www.piedicavalloinfo.it\/wordpress\/?s={search_term_string}"},"query-input":"required name=search_term_string"}],"inLanguage":"it-IT"},{"@type":"Organization","@id":"https:\/\/www.piedicavalloinfo.it\/wordpress\/#organization","name":"Piedicavallo Info","url":"https:\/\/www.piedicavalloinfo.it\/wordpress\/","logo":{"@type":"ImageObject","inLanguage":"it-IT","@id":"https:\/\/www.piedicavalloinfo.it\/wordpress\/#\/schema\/logo\/image\/","url":"http:\/\/www.piedicavalloinfo.it\/wordpress\/wp-content\/uploads\/2019\/06\/logovers03.png","contentUrl":"http:\/\/www.piedicavalloinfo.it\/wordpress\/wp-content\/uploads\/2019\/06\/logovers03.png","width":406,"height":232,"caption":"Piedicavallo Info"},"image":{"@id":"https:\/\/www.piedicavalloinfo.it\/wordpress\/#\/schema\/logo\/image\/"},"sameAs":["https:\/\/www.facebook.com\/Piedicavalloinfo.it\/","https:\/\/www.instagram.com\/piedicavalloinfo\/"]}]}},"_links":{"self":[{"href":"https:\/\/www.piedicavalloinfo.it\/wordpress\/wp-json\/wp\/v2\/pages\/2408"}],"collection":[{"href":"https:\/\/www.piedicavalloinfo.it\/wordpress\/wp-json\/wp\/v2\/pages"}],"about":[{"href":"https:\/\/www.piedicavalloinfo.it\/wordpress\/wp-json\/wp\/v2\/types\/page"}],"author":[{"embeddable":true,"href":"https:\/\/www.piedicavalloinfo.it\/wordpress\/wp-json\/wp\/v2\/users\/1"}],"replies":[{"embeddable":true,"href":"https:\/\/www.piedicavalloinfo.it\/wordpress\/wp-json\/wp\/v2\/comments?post=2408"}],"version-history":[{"count":18,"href":"https:\/\/www.piedicavalloinfo.it\/wordpress\/wp-json\/wp\/v2\/pages\/2408\/revisions"}],"predecessor-version":[{"id":6112,"href":"https:\/\/www.piedicavalloinfo.it\/wordpress\/wp-json\/wp\/v2\/pages\/2408\/revisions\/6112"}],"wp:featuredmedia":[{"embeddable":true,"href":"https:\/\/www.piedicavalloinfo.it\/wordpress\/wp-json\/wp\/v2\/media\/5515"}],"wp:attachment":[{"href":"https:\/\/www.piedicavalloinfo.it\/wordpress\/wp-json\/wp\/v2\/media?parent=2408"}],"curies":[{"name":"wp","href":"https:\/\/api.w.org\/{rel}","templated":true}]}}