{"id":2436,"date":"2018-10-18T11:39:39","date_gmt":"2018-10-18T09:39:39","guid":{"rendered":"http:\/\/www.piedicavalloinfo.it\/wordpress\/?page_id=2436"},"modified":"2024-02-02T16:02:57","modified_gmt":"2024-02-02T15:02:57","slug":"avrieux","status":"publish","type":"page","link":"https:\/\/www.piedicavalloinfo.it\/wordpress\/avrieux\/","title":{"rendered":"Avrieux"},"content":{"rendered":"<p>[et_pb_section fb_built=&#8221;1&#8243; _builder_version=&#8221;3.17.1&#8243; background_image=&#8221;http:\/\/www.piedicavalloinfo.it\/wordpress\/wp-content\/uploads\/2019\/04\/500_23.jpg&#8221; custom_padding=&#8221;0px|0px|100px|0px|false|false&#8221;][\/et_pb_section][et_pb_section fb_built=&#8221;1&#8243; _builder_version=&#8221;3.17.1&#8243; custom_padding=&#8221;0px|0px|75px|0px|false|false&#8221;][et_pb_row custom_padding=&#8221;21.5167px|0px|0|0px|false|false&#8221; _builder_version=&#8221;3.17.1&#8243;][et_pb_column type=&#8221;4_4&#8243; _builder_version=&#8221;3.0.47&#8243; parallax=&#8221;off&#8221; parallax_method=&#8221;on&#8221;][et_pb_text _builder_version=&#8221;3.17.1&#8243;]<\/p>\n<h3><span style=\"color: #047f04;\"><strong><span style=\"color: #f9912c;\">Gemellaggio con <b>Avrieux<\/b><\/span> <\/strong><\/span><\/h3>\n<p>[\/et_pb_text][\/et_pb_column][\/et_pb_row][et_pb_row _builder_version=&#8221;3.17.1&#8243;][et_pb_column type=&#8221;4_4&#8243; _builder_version=&#8221;3.0.47&#8243; parallax=&#8221;off&#8221; parallax_method=&#8221;on&#8221;][et_pb_text _builder_version=&#8221;3.17.1&#8243;]<\/p>\n<p style=\"text-align: justify;\"><span style=\"font-weight: 400;\">Dal 2009 Piedicavallo \u00e8 gemellato con <\/span><b>Avrieux<\/b><span style=\"font-weight: 400;\">, un paese situato nella Valle della Moriana, nella Savoia francese.<\/span><\/p>\n<p style=\"text-align: justify;\"><span style=\"font-weight: 400;\">Anche con i suoi <\/span><b>400 abitanti<\/b>, pi\u00f9 del doppio di quelli di Piedicavallo, il paese francese possiede molti punti in comune con il nostro.<br \/>\n\u00c8 un piccolo villaggio montano, in cui tradizione e natura si mescolano a modernit\u00e0 e turismo. La conformazione, le tradizioni e persino il vestito tipico accomunano le nostre due realt\u00e0. Se infatti Piedicavallo e l\u2019Alta Valle possono vantare <span style=\"text-decoration: underline;\"><a href=\"http:\/\/www.piedicavalloinfo.it\/wordpress\/jipun\/\">il tipico gipoun<\/a><\/span>, Avrieux fa rivivere la tradizione con il <b>costume dell\u2019alta Moriana<\/b>. Come il nostro, l\u2019abito \u00e8 composto da vari scialli, gonna e grembiule, il corpino e le decorazioni in pizzo bianco; elemento di differenza \u00e8 rappresentato dal copricapo: una cuffia legata solo su un lato.<\/p>\n<p style=\"text-align: justify;\">Dal primo giorno di gemellaggio, i rapporti tra Piedicavallo e Avrieux non sono stati abbandonati. Periodicamente le amministrazioni comunali si impegnano per promuovere incontri e scambi culturali con i rispettivi cugini d\u2019oltralpe.<\/p>\n<p style=\"text-align: justify;\"><a href=\"http:\/\/avrieux.com\/\" target=\"_blank\" rel=\"noopener noreferrer\">Sito internet<\/a><\/p>\n<p>[\/et_pb_text][\/et_pb_column][\/et_pb_row][et_pb_row _builder_version=&#8221;3.17.1&#8243;][et_pb_column type=&#8221;4_4&#8243; _builder_version=&#8221;3.17.1&#8243; parallax=&#8221;off&#8221; parallax_method=&#8221;on&#8221;][et_pb_text _builder_version=&#8221;3.17.1&#8243;]<\/p>\n<h3><strong>Eventi\u00a0<\/strong><\/h3>\n<p><a href=\"https:\/\/www.piedicavalloinfo.it\/wordpress\/2023\/05\/08\/festa-degli-alpini-2023\/\" target=\"_blank\" rel=\"noopener noreferrer\"><span style=\"text-decoration: underline;\"><strong>30 luglio 2023. Visita del Consiglio comunale di Avrieux in occasione della Festa degli Alpini di Piedicavallo<\/strong><\/span><\/a><\/p>\n<p><a href=\"https:\/\/www.piedicavalloinfo.it\/wordpress\/2023\/05\/10\/comitato-di-gemellaggio-di-avrieux-2023\/\" target=\"_blank\" rel=\"noopener noreferrer\"><strong><span style=\"text-decoration: underline;\">27 e 28 maggio 2023. Visita del Comitato per il Gemellaggio<\/span><\/strong><\/a><\/p>\n<p>[\/et_pb_text][\/et_pb_column][\/et_pb_row][et_pb_row custom_padding=&#8221;0|0px|0|0px|false|false&#8221; module_class=&#8221;et_pb_gutters1 et_pb_row_fullwidth&#8221; _builder_version=&#8221;3.17.1&#8243;][et_pb_column type=&#8221;4_4&#8243; _builder_version=&#8221;3.0.47&#8243; parallax=&#8221;off&#8221; parallax_method=&#8221;on&#8221;][et_pb_gallery gallery_ids=&#8221;3416,3420,3422,8778,8777,8776,8775,8774,8773,8772,8771,8770&#8243; posts_number=&#8221;14&#8243; show_title_and_caption=&#8221;off&#8221; show_pagination=&#8221;off&#8221; _builder_version=&#8221;3.17.1&#8243;][\/et_pb_gallery][\/et_pb_column][\/et_pb_row][\/et_pb_section]<\/p>\n","protected":false},"excerpt":{"rendered":"<p>Gemellaggio con Avrieux Dal 2009 Piedicavallo \u00e8 gemellato con Avrieux, un paese situato nella Valle della Moriana, nella Savoia francese. Anche con i suoi 400 abitanti, pi\u00f9 del doppio di quelli di Piedicavallo, il paese francese possiede molti punti in comune con il nostro. \u00c8 un piccolo villaggio montano, in cui tradizione e natura si [&hellip;]<\/p>\n","protected":false},"author":1,"featured_media":4982,"parent":0,"menu_order":0,"comment_status":"closed","ping_status":"closed","template":"","meta":{"_et_pb_use_builder":"on","_et_pb_old_content":"","_et_gb_content_width":"","om_disable_all_campaigns":false,"_monsterinsights_skip_tracking":false,"_monsterinsights_sitenote_active":false,"_monsterinsights_sitenote_note":"","_monsterinsights_sitenote_category":0,"_uf_show_specific_survey":0,"_uf_disable_surveys":false},"aioseo_notices":[],"yoast_head":"<!-- This site is optimized with the Yoast SEO plugin v21.8 - https:\/\/yoast.com\/wordpress\/plugins\/seo\/ -->\n<title>Avrieux: citt\u00e0 gemellata con Piedicavallo | Piedicavalloinfo<\/title>\n<meta name=\"description\" content=\"Avrieux \u00e8 un piccolo comune della Savoia francese: Dal 2008 \u00e8 gemellato con Piedicavallo, l&#039;ultimo comune della Valle Cervo, in provincia di Biella.\" \/>\n<meta name=\"robots\" content=\"index, follow, max-snippet:-1, max-image-preview:large, max-video-preview:-1\" \/>\n<link rel=\"canonical\" href=\"https:\/\/www.piedicavalloinfo.it\/wordpress\/avrieux\/\" \/>\n<meta property=\"og:locale\" content=\"it_IT\" \/>\n<meta property=\"og:type\" content=\"article\" \/>\n<meta property=\"og:title\" content=\"Avrieux: citt\u00e0 gemellata con Piedicavallo | Piedicavalloinfo\" \/>\n<meta property=\"og:description\" content=\"Avrieux \u00e8 un piccolo comune della Savoia francese: Dal 2008 \u00e8 gemellato con Piedicavallo, l&#039;ultimo comune della Valle Cervo, in provincia di Biella.\" \/>\n<meta property=\"og:url\" content=\"https:\/\/www.piedicavalloinfo.it\/wordpress\/avrieux\/\" \/>\n<meta property=\"og:site_name\" content=\"Piedicavallo Info - Il sito turistico\" \/>\n<meta property=\"article:publisher\" content=\"https:\/\/www.facebook.com\/Piedicavalloinfo.it\/\" \/>\n<meta property=\"article:modified_time\" content=\"2024-02-02T15:02:57+00:00\" \/>\n<meta property=\"og:image\" content=\"https:\/\/www.piedicavalloinfo.it\/wordpress\/wp-content\/uploads\/2019\/07\/Progetto-senza-titolo-26.png\" \/>\n\t<meta property=\"og:image:width\" content=\"1200\" \/>\n\t<meta property=\"og:image:height\" content=\"630\" \/>\n\t<meta property=\"og:image:type\" content=\"image\/png\" \/>\n<meta name=\"twitter:card\" content=\"summary_large_image\" \/>\n<meta name=\"twitter:label1\" content=\"Tempo di lettura stimato\" \/>\n\t<meta name=\"twitter:data1\" content=\"2 minuti\" \/>\n<script type=\"application\/ld+json\" class=\"yoast-schema-graph\">{\"@context\":\"https:\/\/schema.org\",\"@graph\":[{\"@type\":\"WebPage\",\"@id\":\"https:\/\/www.piedicavalloinfo.it\/wordpress\/avrieux\/\",\"url\":\"https:\/\/www.piedicavalloinfo.it\/wordpress\/avrieux\/\",\"name\":\"Avrieux: citt\u00e0 gemellata con Piedicavallo | Piedicavalloinfo\",\"isPartOf\":{\"@id\":\"https:\/\/www.piedicavalloinfo.it\/wordpress\/#website\"},\"datePublished\":\"2018-10-18T09:39:39+00:00\",\"dateModified\":\"2024-02-02T15:02:57+00:00\",\"description\":\"Avrieux \u00e8 un piccolo comune della Savoia francese: Dal 2008 \u00e8 gemellato con Piedicavallo, l'ultimo comune della Valle Cervo, in provincia di Biella.\",\"breadcrumb\":{\"@id\":\"https:\/\/www.piedicavalloinfo.it\/wordpress\/avrieux\/#breadcrumb\"},\"inLanguage\":\"it-IT\",\"potentialAction\":[{\"@type\":\"ReadAction\",\"target\":[\"https:\/\/www.piedicavalloinfo.it\/wordpress\/avrieux\/\"]}]},{\"@type\":\"BreadcrumbList\",\"@id\":\"https:\/\/www.piedicavalloinfo.it\/wordpress\/avrieux\/#breadcrumb\",\"itemListElement\":[{\"@type\":\"ListItem\",\"position\":1,\"name\":\"Home\",\"item\":\"https:\/\/www.piedicavalloinfo.it\/wordpress\/\"},{\"@type\":\"ListItem\",\"position\":2,\"name\":\"Avrieux\"}]},{\"@type\":\"WebSite\",\"@id\":\"https:\/\/www.piedicavalloinfo.it\/wordpress\/#website\",\"url\":\"https:\/\/www.piedicavalloinfo.it\/wordpress\/\",\"name\":\"Piedicavallo Info - Il sito turistico\",\"description\":\"\",\"publisher\":{\"@id\":\"https:\/\/www.piedicavalloinfo.it\/wordpress\/#organization\"},\"potentialAction\":[{\"@type\":\"SearchAction\",\"target\":{\"@type\":\"EntryPoint\",\"urlTemplate\":\"https:\/\/www.piedicavalloinfo.it\/wordpress\/?s={search_term_string}\"},\"query-input\":\"required name=search_term_string\"}],\"inLanguage\":\"it-IT\"},{\"@type\":\"Organization\",\"@id\":\"https:\/\/www.piedicavalloinfo.it\/wordpress\/#organization\",\"name\":\"Piedicavallo Info\",\"url\":\"https:\/\/www.piedicavalloinfo.it\/wordpress\/\",\"logo\":{\"@type\":\"ImageObject\",\"inLanguage\":\"it-IT\",\"@id\":\"https:\/\/www.piedicavalloinfo.it\/wordpress\/#\/schema\/logo\/image\/\",\"url\":\"http:\/\/www.piedicavalloinfo.it\/wordpress\/wp-content\/uploads\/2019\/06\/logovers03.png\",\"contentUrl\":\"http:\/\/www.piedicavalloinfo.it\/wordpress\/wp-content\/uploads\/2019\/06\/logovers03.png\",\"width\":406,\"height\":232,\"caption\":\"Piedicavallo Info\"},\"image\":{\"@id\":\"https:\/\/www.piedicavalloinfo.it\/wordpress\/#\/schema\/logo\/image\/\"},\"sameAs\":[\"https:\/\/www.facebook.com\/Piedicavalloinfo.it\/\",\"https:\/\/www.instagram.com\/piedicavalloinfo\/\"]}]}<\/script>\n<!-- \/ Yoast SEO plugin. -->","yoast_head_json":{"title":"Avrieux: citt\u00e0 gemellata con Piedicavallo | Piedicavalloinfo","description":"Avrieux \u00e8 un piccolo comune della Savoia francese: Dal 2008 \u00e8 gemellato con Piedicavallo, l'ultimo comune della Valle Cervo, in provincia di Biella.","robots":{"index":"index","follow":"follow","max-snippet":"max-snippet:-1","max-image-preview":"max-image-preview:large","max-video-preview":"max-video-preview:-1"},"canonical":"https:\/\/www.piedicavalloinfo.it\/wordpress\/avrieux\/","og_locale":"it_IT","og_type":"article","og_title":"Avrieux: citt\u00e0 gemellata con Piedicavallo | Piedicavalloinfo","og_description":"Avrieux \u00e8 un piccolo comune della Savoia francese: Dal 2008 \u00e8 gemellato con Piedicavallo, l'ultimo comune della Valle Cervo, in provincia di Biella.","og_url":"https:\/\/www.piedicavalloinfo.it\/wordpress\/avrieux\/","og_site_name":"Piedicavallo Info - Il sito turistico","article_publisher":"https:\/\/www.facebook.com\/Piedicavalloinfo.it\/","article_modified_time":"2024-02-02T15:02:57+00:00","og_image":[{"width":1200,"height":630,"url":"https:\/\/www.piedicavalloinfo.it\/wordpress\/wp-content\/uploads\/2019\/07\/Progetto-senza-titolo-26.png","type":"image\/png"}],"twitter_card":"summary_large_image","twitter_misc":{"Tempo di lettura stimato":"2 minuti"},"schema":{"@context":"https:\/\/schema.org","@graph":[{"@type":"WebPage","@id":"https:\/\/www.piedicavalloinfo.it\/wordpress\/avrieux\/","url":"https:\/\/www.piedicavalloinfo.it\/wordpress\/avrieux\/","name":"Avrieux: citt\u00e0 gemellata con Piedicavallo | Piedicavalloinfo","isPartOf":{"@id":"https:\/\/www.piedicavalloinfo.it\/wordpress\/#website"},"datePublished":"2018-10-18T09:39:39+00:00","dateModified":"2024-02-02T15:02:57+00:00","description":"Avrieux \u00e8 un piccolo comune della Savoia francese: Dal 2008 \u00e8 gemellato con Piedicavallo, l'ultimo comune della Valle Cervo, in provincia di Biella.","breadcrumb":{"@id":"https:\/\/www.piedicavalloinfo.it\/wordpress\/avrieux\/#breadcrumb"},"inLanguage":"it-IT","potentialAction":[{"@type":"ReadAction","target":["https:\/\/www.piedicavalloinfo.it\/wordpress\/avrieux\/"]}]},{"@type":"BreadcrumbList","@id":"https:\/\/www.piedicavalloinfo.it\/wordpress\/avrieux\/#breadcrumb","itemListElement":[{"@type":"ListItem","position":1,"name":"Home","item":"https:\/\/www.piedicavalloinfo.it\/wordpress\/"},{"@type":"ListItem","position":2,"name":"Avrieux"}]},{"@type":"WebSite","@id":"https:\/\/www.piedicavalloinfo.it\/wordpress\/#website","url":"https:\/\/www.piedicavalloinfo.it\/wordpress\/","name":"Piedicavallo Info - Il sito turistico","description":"","publisher":{"@id":"https:\/\/www.piedicavalloinfo.it\/wordpress\/#organization"},"potentialAction":[{"@type":"SearchAction","target":{"@type":"EntryPoint","urlTemplate":"https:\/\/www.piedicavalloinfo.it\/wordpress\/?s={search_term_string}"},"query-input":"required name=search_term_string"}],"inLanguage":"it-IT"},{"@type":"Organization","@id":"https:\/\/www.piedicavalloinfo.it\/wordpress\/#organization","name":"Piedicavallo Info","url":"https:\/\/www.piedicavalloinfo.it\/wordpress\/","logo":{"@type":"ImageObject","inLanguage":"it-IT","@id":"https:\/\/www.piedicavalloinfo.it\/wordpress\/#\/schema\/logo\/image\/","url":"http:\/\/www.piedicavalloinfo.it\/wordpress\/wp-content\/uploads\/2019\/06\/logovers03.png","contentUrl":"http:\/\/www.piedicavalloinfo.it\/wordpress\/wp-content\/uploads\/2019\/06\/logovers03.png","width":406,"height":232,"caption":"Piedicavallo Info"},"image":{"@id":"https:\/\/www.piedicavalloinfo.it\/wordpress\/#\/schema\/logo\/image\/"},"sameAs":["https:\/\/www.facebook.com\/Piedicavalloinfo.it\/","https:\/\/www.instagram.com\/piedicavalloinfo\/"]}]}},"_links":{"self":[{"href":"https:\/\/www.piedicavalloinfo.it\/wordpress\/wp-json\/wp\/v2\/pages\/2436"}],"collection":[{"href":"https:\/\/www.piedicavalloinfo.it\/wordpress\/wp-json\/wp\/v2\/pages"}],"about":[{"href":"https:\/\/www.piedicavalloinfo.it\/wordpress\/wp-json\/wp\/v2\/types\/page"}],"author":[{"embeddable":true,"href":"https:\/\/www.piedicavalloinfo.it\/wordpress\/wp-json\/wp\/v2\/users\/1"}],"replies":[{"embeddable":true,"href":"https:\/\/www.piedicavalloinfo.it\/wordpress\/wp-json\/wp\/v2\/comments?post=2436"}],"version-history":[{"count":15,"href":"https:\/\/www.piedicavalloinfo.it\/wordpress\/wp-json\/wp\/v2\/pages\/2436\/revisions"}],"predecessor-version":[{"id":8782,"href":"https:\/\/www.piedicavalloinfo.it\/wordpress\/wp-json\/wp\/v2\/pages\/2436\/revisions\/8782"}],"wp:featuredmedia":[{"embeddable":true,"href":"https:\/\/www.piedicavalloinfo.it\/wordpress\/wp-json\/wp\/v2\/media\/4982"}],"wp:attachment":[{"href":"https:\/\/www.piedicavalloinfo.it\/wordpress\/wp-json\/wp\/v2\/media?parent=2436"}],"curies":[{"name":"wp","href":"https:\/\/api.w.org\/{rel}","templated":true}]}}