{"id":2446,"date":"2018-10-18T11:42:18","date_gmt":"2018-10-18T09:42:18","guid":{"rendered":"http:\/\/www.piedicavalloinfo.it\/wordpress\/?page_id=2446"},"modified":"2024-06-18T16:02:40","modified_gmt":"2024-06-18T14:02:40","slug":"associazioni","status":"publish","type":"page","link":"https:\/\/www.piedicavalloinfo.it\/wordpress\/associazioni\/","title":{"rendered":"associazioni"},"content":{"rendered":"<p>[et_pb_section fb_built=&#8221;1&#8243; _builder_version=&#8221;3.17.1&#8243; background_image=&#8221;http:\/\/www.piedicavalloinfo.it\/wordpress\/wp-content\/uploads\/2019\/04\/500_25.jpg&#8221; custom_padding=&#8221;0px|0px|100px|0px|false|false&#8221;][\/et_pb_section][et_pb_section fb_built=&#8221;1&#8243; _builder_version=&#8221;3.17.1&#8243;][et_pb_row custom_padding=&#8221;21.5167px|0px|0|0px|false|false&#8221; _builder_version=&#8221;3.17.1&#8243;][et_pb_column type=&#8221;4_4&#8243; _builder_version=&#8221;3.17.1&#8243; parallax=&#8221;off&#8221; parallax_method=&#8221;on&#8221;][et_pb_text _builder_version=&#8221;3.17.1&#8243;]<\/p>\n<h3><span style=\"color: #f9912c;\"><strong>Associazioni locali<\/strong><\/span><\/h3>\n<p>[\/et_pb_text][\/et_pb_column][\/et_pb_row][et_pb_row custom_padding=&#8221;21.5167px|0px|3px|0px|false|false&#8221; _builder_version=&#8221;3.17.1&#8243;][et_pb_column type=&#8221;4_4&#8243; _builder_version=&#8221;3.17.1&#8243; parallax=&#8221;off&#8221; parallax_method=&#8221;on&#8221;][et_pb_text _builder_version=&#8221;3.17.1&#8243;]<\/p>\n<p style=\"text-align: justify;\"><span style=\"font-weight: 400;\">Il modo migliore per vivere il paese \u00e8 quello di partecipare alle attivit\u00e0 promosse dalle varie <\/span><b>associazioni <\/b><span style=\"font-weight: 400;\">presenti sul territorio.<\/span><\/p>\n<p style=\"text-align: justify;\"><span style=\"font-weight: 400;\">Tutte quante si preoccupano di mantenere vive le <\/span><b>tradizioni <\/b><span style=\"font-weight: 400;\">di Piedicavallo e Montesinaro, promuovendo, allo stesso tempo, un <\/span><b>turismo <\/b><span style=\"font-weight: 400;\">moderno e consapevole. Obiettivo partecipato \u00e8 inoltre quello di favorire e incentivare la <\/span><b>popolazione residente<\/b><span style=\"font-weight: 400;\">, che sceglie di vivere Piedicavallo dodici mesi all\u2019anno.<\/span><\/p>\n<p>[\/et_pb_text][\/et_pb_column][\/et_pb_row][et_pb_row module_class=&#8221;et_pb_gutters1 et_pb_row_fullwidth&#8221; _builder_version=&#8221;3.17.1&#8243;][et_pb_column type=&#8221;1_2&#8243; _builder_version=&#8221;3.17.1&#8243; parallax=&#8221;off&#8221; parallax_method=&#8221;on&#8221;][et_pb_image src=&#8221;http:\/\/www.piedicavalloinfo.it\/wordpress\/wp-content\/uploads\/2023\/10\/logo_proloco-base-senza-sfondo.png&#8221; url=&#8221;http:\/\/www.piedicavalloinfo.it\/wordpress\/pro-loco-di-piedicavallo\/&#8221; align=&#8221;center&#8221; _builder_version=&#8221;3.17.1&#8243; max_width=&#8221;27%&#8221;][\/et_pb_image][\/et_pb_column][et_pb_column type=&#8221;1_2&#8243; _builder_version=&#8221;3.17.1&#8243; parallax=&#8221;off&#8221; parallax_method=&#8221;on&#8221;][et_pb_image src=&#8221;http:\/\/www.piedicavalloinfo.it\/wordpress\/wp-content\/uploads\/2023\/10\/Societa-Operaia-Piedicavallo_Logo_Senza-sfondo.png&#8221; url=&#8221;http:\/\/www.piedicavalloinfo.it\/wordpress\/societa-operaia\/&#8221; align=&#8221;center&#8221; _builder_version=&#8221;3.17.1&#8243; max_width=&#8221;35%&#8221;][\/et_pb_image][\/et_pb_column][\/et_pb_row][et_pb_row module_class=&#8221;et_pb_gutters1 et_pb_row_fullwidth&#8221; _builder_version=&#8221;3.17.1&#8243;][et_pb_column type=&#8221;1_2&#8243; _builder_version=&#8221;3.17.1&#8243; parallax=&#8221;off&#8221; parallax_method=&#8221;on&#8221;][et_pb_image src=&#8221;http:\/\/www.piedicavalloinfo.it\/wordpress\/wp-content\/uploads\/2023\/10\/Gruppo-Alpini-Piedicavallo_Logo_Senza-sfondo.png&#8221; align=&#8221;center&#8221; _builder_version=&#8221;3.17.1&#8243; max_width=&#8221;120%&#8221; url=&#8221;https:\/\/www.piedicavalloinfo.it\/wordpress\/gruppo-alpini-di-piedicavallo\/&#8221;][\/et_pb_image][\/et_pb_column][et_pb_column type=&#8221;1_2&#8243; _builder_version=&#8221;3.17.1&#8243; parallax=&#8221;off&#8221; parallax_method=&#8221;on&#8221;][et_pb_image src=&#8221;http:\/\/www.piedicavalloinfo.it\/wordpress\/wp-content\/uploads\/2023\/10\/Consorzio-forestale-Piedicavallo_Logo_Senza-sfondo.png&#8221; url=&#8221;http:\/\/www.piedicavalloinfo.it\/wordpress\/consorzio-forestale\/&#8221; align=&#8221;center&#8221; _builder_version=&#8221;3.17.1&#8243; max_width=&#8221;32%&#8221;][\/et_pb_image][\/et_pb_column][\/et_pb_row][et_pb_row custom_padding=&#8221;27px|0px|105px|0px|false|false&#8221; module_class=&#8221;et_pb_gutters1 et_pb_row_fullwidth&#8221; _builder_version=&#8221;3.17.1&#8243; module_alignment=&#8221;center&#8221;][et_pb_column type=&#8221;1_2&#8243; _builder_version=&#8221;3.17.1&#8243; parallax=&#8221;off&#8221; parallax_method=&#8221;on&#8221;][et_pb_image src=&#8221;http:\/\/www.piedicavalloinfo.it\/wordpress\/wp-content\/uploads\/2024\/06\/Fondazione-Valz-Comin_Piccolo.png&#8221; url=&#8221;https:\/\/www.piedicavalloinfo.it\/wordpress\/fondazione-valz-comin\/&#8221; align=&#8221;center&#8221; _builder_version=&#8221;3.17.1&#8243; max_width=&#8221;35%&#8221;][\/et_pb_image][\/et_pb_column][et_pb_column type=&#8221;1_2&#8243; _builder_version=&#8221;3.17.1&#8243; parallax=&#8221;off&#8221; parallax_method=&#8221;on&#8221;][et_pb_image src=&#8221;http:\/\/www.piedicavalloinfo.it\/wordpress\/wp-content\/uploads\/2024\/06\/Circolo-ricreativo-Montesinaro-1.png&#8221; align=&#8221;center&#8221; _builder_version=&#8221;3.17.1&#8243; max_width=&#8221;24%&#8221;][\/et_pb_image][\/et_pb_column][\/et_pb_row][\/et_pb_section]<\/p>\n","protected":false},"excerpt":{"rendered":"<p>Associazioni locali Il modo migliore per vivere il paese \u00e8 quello di partecipare alle attivit\u00e0 promosse dalle varie associazioni presenti sul territorio. Tutte quante si preoccupano di mantenere vive le tradizioni di Piedicavallo e Montesinaro, promuovendo, allo stesso tempo, un turismo moderno e consapevole. Obiettivo partecipato \u00e8 inoltre quello di favorire e incentivare la popolazione [&hellip;]<\/p>\n","protected":false},"author":1,"featured_media":4980,"parent":0,"menu_order":0,"comment_status":"closed","ping_status":"closed","template":"","meta":{"_et_pb_use_builder":"on","_et_pb_old_content":"","_et_gb_content_width":"","om_disable_all_campaigns":false,"_monsterinsights_skip_tracking":false,"_monsterinsights_sitenote_active":false,"_monsterinsights_sitenote_note":"","_monsterinsights_sitenote_category":0,"_uf_show_specific_survey":0,"_uf_disable_surveys":false},"aioseo_notices":[],"yoast_head":"<!-- This site is optimized with the Yoast SEO plugin v21.8 - https:\/\/yoast.com\/wordpress\/plugins\/seo\/ -->\n<title>Associazioni di Piedicavallo e Montesinaro | Piedicavalloinfo<\/title>\n<meta name=\"description\" content=\"Piedicavallo \u00e8 un comune turistico montano che pu\u00f2 contare sull&#039;appoggio di molte associazioni: dal Gruppo Alpini alle Pro Loco, dalla Societ\u00e0 all&#039;Asilo.\" \/>\n<meta name=\"robots\" content=\"index, follow, max-snippet:-1, max-image-preview:large, max-video-preview:-1\" \/>\n<link rel=\"canonical\" href=\"https:\/\/www.piedicavalloinfo.it\/wordpress\/associazioni\/\" \/>\n<meta property=\"og:locale\" content=\"it_IT\" \/>\n<meta property=\"og:type\" content=\"article\" \/>\n<meta property=\"og:title\" content=\"Associazioni di Piedicavallo e Montesinaro | Piedicavalloinfo\" \/>\n<meta property=\"og:description\" content=\"Piedicavallo \u00e8 un comune turistico montano che pu\u00f2 contare sull&#039;appoggio di molte associazioni: dal Gruppo Alpini alle Pro Loco, dalla Societ\u00e0 all&#039;Asilo.\" \/>\n<meta property=\"og:url\" content=\"https:\/\/www.piedicavalloinfo.it\/wordpress\/associazioni\/\" \/>\n<meta property=\"og:site_name\" content=\"Piedicavallo Info - Il sito turistico\" \/>\n<meta property=\"article:publisher\" content=\"https:\/\/www.facebook.com\/Piedicavalloinfo.it\/\" \/>\n<meta property=\"article:modified_time\" content=\"2024-06-18T14:02:40+00:00\" \/>\n<meta property=\"og:image\" content=\"https:\/\/www.piedicavalloinfo.it\/wordpress\/wp-content\/uploads\/2019\/07\/Progetto-senza-titolo-25.png\" \/>\n\t<meta property=\"og:image:width\" content=\"1200\" \/>\n\t<meta property=\"og:image:height\" content=\"630\" \/>\n\t<meta property=\"og:image:type\" content=\"image\/png\" \/>\n<meta name=\"twitter:card\" content=\"summary_large_image\" \/>\n<meta name=\"twitter:label1\" content=\"Tempo di lettura stimato\" \/>\n\t<meta name=\"twitter:data1\" content=\"2 minuti\" \/>\n<script type=\"application\/ld+json\" class=\"yoast-schema-graph\">{\"@context\":\"https:\/\/schema.org\",\"@graph\":[{\"@type\":\"WebPage\",\"@id\":\"https:\/\/www.piedicavalloinfo.it\/wordpress\/associazioni\/\",\"url\":\"https:\/\/www.piedicavalloinfo.it\/wordpress\/associazioni\/\",\"name\":\"Associazioni di Piedicavallo e Montesinaro | Piedicavalloinfo\",\"isPartOf\":{\"@id\":\"https:\/\/www.piedicavalloinfo.it\/wordpress\/#website\"},\"datePublished\":\"2018-10-18T09:42:18+00:00\",\"dateModified\":\"2024-06-18T14:02:40+00:00\",\"description\":\"Piedicavallo \u00e8 un comune turistico montano che pu\u00f2 contare sull'appoggio di molte associazioni: dal Gruppo Alpini alle Pro Loco, dalla Societ\u00e0 all'Asilo.\",\"breadcrumb\":{\"@id\":\"https:\/\/www.piedicavalloinfo.it\/wordpress\/associazioni\/#breadcrumb\"},\"inLanguage\":\"it-IT\",\"potentialAction\":[{\"@type\":\"ReadAction\",\"target\":[\"https:\/\/www.piedicavalloinfo.it\/wordpress\/associazioni\/\"]}]},{\"@type\":\"BreadcrumbList\",\"@id\":\"https:\/\/www.piedicavalloinfo.it\/wordpress\/associazioni\/#breadcrumb\",\"itemListElement\":[{\"@type\":\"ListItem\",\"position\":1,\"name\":\"Home\",\"item\":\"https:\/\/www.piedicavalloinfo.it\/wordpress\/\"},{\"@type\":\"ListItem\",\"position\":2,\"name\":\"associazioni\"}]},{\"@type\":\"WebSite\",\"@id\":\"https:\/\/www.piedicavalloinfo.it\/wordpress\/#website\",\"url\":\"https:\/\/www.piedicavalloinfo.it\/wordpress\/\",\"name\":\"Piedicavallo Info - Il sito turistico\",\"description\":\"\",\"publisher\":{\"@id\":\"https:\/\/www.piedicavalloinfo.it\/wordpress\/#organization\"},\"potentialAction\":[{\"@type\":\"SearchAction\",\"target\":{\"@type\":\"EntryPoint\",\"urlTemplate\":\"https:\/\/www.piedicavalloinfo.it\/wordpress\/?s={search_term_string}\"},\"query-input\":\"required name=search_term_string\"}],\"inLanguage\":\"it-IT\"},{\"@type\":\"Organization\",\"@id\":\"https:\/\/www.piedicavalloinfo.it\/wordpress\/#organization\",\"name\":\"Piedicavallo Info\",\"url\":\"https:\/\/www.piedicavalloinfo.it\/wordpress\/\",\"logo\":{\"@type\":\"ImageObject\",\"inLanguage\":\"it-IT\",\"@id\":\"https:\/\/www.piedicavalloinfo.it\/wordpress\/#\/schema\/logo\/image\/\",\"url\":\"http:\/\/www.piedicavalloinfo.it\/wordpress\/wp-content\/uploads\/2019\/06\/logovers03.png\",\"contentUrl\":\"http:\/\/www.piedicavalloinfo.it\/wordpress\/wp-content\/uploads\/2019\/06\/logovers03.png\",\"width\":406,\"height\":232,\"caption\":\"Piedicavallo Info\"},\"image\":{\"@id\":\"https:\/\/www.piedicavalloinfo.it\/wordpress\/#\/schema\/logo\/image\/\"},\"sameAs\":[\"https:\/\/www.facebook.com\/Piedicavalloinfo.it\/\",\"https:\/\/www.instagram.com\/piedicavalloinfo\/\"]}]}<\/script>\n<!-- \/ Yoast SEO plugin. -->","yoast_head_json":{"title":"Associazioni di Piedicavallo e Montesinaro | Piedicavalloinfo","description":"Piedicavallo \u00e8 un comune turistico montano che pu\u00f2 contare sull'appoggio di molte associazioni: dal Gruppo Alpini alle Pro Loco, dalla Societ\u00e0 all'Asilo.","robots":{"index":"index","follow":"follow","max-snippet":"max-snippet:-1","max-image-preview":"max-image-preview:large","max-video-preview":"max-video-preview:-1"},"canonical":"https:\/\/www.piedicavalloinfo.it\/wordpress\/associazioni\/","og_locale":"it_IT","og_type":"article","og_title":"Associazioni di Piedicavallo e Montesinaro | Piedicavalloinfo","og_description":"Piedicavallo \u00e8 un comune turistico montano che pu\u00f2 contare sull'appoggio di molte associazioni: dal Gruppo Alpini alle Pro Loco, dalla Societ\u00e0 all'Asilo.","og_url":"https:\/\/www.piedicavalloinfo.it\/wordpress\/associazioni\/","og_site_name":"Piedicavallo Info - Il sito turistico","article_publisher":"https:\/\/www.facebook.com\/Piedicavalloinfo.it\/","article_modified_time":"2024-06-18T14:02:40+00:00","og_image":[{"width":1200,"height":630,"url":"https:\/\/www.piedicavalloinfo.it\/wordpress\/wp-content\/uploads\/2019\/07\/Progetto-senza-titolo-25.png","type":"image\/png"}],"twitter_card":"summary_large_image","twitter_misc":{"Tempo di lettura stimato":"2 minuti"},"schema":{"@context":"https:\/\/schema.org","@graph":[{"@type":"WebPage","@id":"https:\/\/www.piedicavalloinfo.it\/wordpress\/associazioni\/","url":"https:\/\/www.piedicavalloinfo.it\/wordpress\/associazioni\/","name":"Associazioni di Piedicavallo e Montesinaro | Piedicavalloinfo","isPartOf":{"@id":"https:\/\/www.piedicavalloinfo.it\/wordpress\/#website"},"datePublished":"2018-10-18T09:42:18+00:00","dateModified":"2024-06-18T14:02:40+00:00","description":"Piedicavallo \u00e8 un comune turistico montano che pu\u00f2 contare sull'appoggio di molte associazioni: dal Gruppo Alpini alle Pro Loco, dalla Societ\u00e0 all'Asilo.","breadcrumb":{"@id":"https:\/\/www.piedicavalloinfo.it\/wordpress\/associazioni\/#breadcrumb"},"inLanguage":"it-IT","potentialAction":[{"@type":"ReadAction","target":["https:\/\/www.piedicavalloinfo.it\/wordpress\/associazioni\/"]}]},{"@type":"BreadcrumbList","@id":"https:\/\/www.piedicavalloinfo.it\/wordpress\/associazioni\/#breadcrumb","itemListElement":[{"@type":"ListItem","position":1,"name":"Home","item":"https:\/\/www.piedicavalloinfo.it\/wordpress\/"},{"@type":"ListItem","position":2,"name":"associazioni"}]},{"@type":"WebSite","@id":"https:\/\/www.piedicavalloinfo.it\/wordpress\/#website","url":"https:\/\/www.piedicavalloinfo.it\/wordpress\/","name":"Piedicavallo Info - Il sito turistico","description":"","publisher":{"@id":"https:\/\/www.piedicavalloinfo.it\/wordpress\/#organization"},"potentialAction":[{"@type":"SearchAction","target":{"@type":"EntryPoint","urlTemplate":"https:\/\/www.piedicavalloinfo.it\/wordpress\/?s={search_term_string}"},"query-input":"required name=search_term_string"}],"inLanguage":"it-IT"},{"@type":"Organization","@id":"https:\/\/www.piedicavalloinfo.it\/wordpress\/#organization","name":"Piedicavallo Info","url":"https:\/\/www.piedicavalloinfo.it\/wordpress\/","logo":{"@type":"ImageObject","inLanguage":"it-IT","@id":"https:\/\/www.piedicavalloinfo.it\/wordpress\/#\/schema\/logo\/image\/","url":"http:\/\/www.piedicavalloinfo.it\/wordpress\/wp-content\/uploads\/2019\/06\/logovers03.png","contentUrl":"http:\/\/www.piedicavalloinfo.it\/wordpress\/wp-content\/uploads\/2019\/06\/logovers03.png","width":406,"height":232,"caption":"Piedicavallo Info"},"image":{"@id":"https:\/\/www.piedicavalloinfo.it\/wordpress\/#\/schema\/logo\/image\/"},"sameAs":["https:\/\/www.facebook.com\/Piedicavalloinfo.it\/","https:\/\/www.instagram.com\/piedicavalloinfo\/"]}]}},"_links":{"self":[{"href":"https:\/\/www.piedicavalloinfo.it\/wordpress\/wp-json\/wp\/v2\/pages\/2446"}],"collection":[{"href":"https:\/\/www.piedicavalloinfo.it\/wordpress\/wp-json\/wp\/v2\/pages"}],"about":[{"href":"https:\/\/www.piedicavalloinfo.it\/wordpress\/wp-json\/wp\/v2\/types\/page"}],"author":[{"embeddable":true,"href":"https:\/\/www.piedicavalloinfo.it\/wordpress\/wp-json\/wp\/v2\/users\/1"}],"replies":[{"embeddable":true,"href":"https:\/\/www.piedicavalloinfo.it\/wordpress\/wp-json\/wp\/v2\/comments?post=2446"}],"version-history":[{"count":22,"href":"https:\/\/www.piedicavalloinfo.it\/wordpress\/wp-json\/wp\/v2\/pages\/2446\/revisions"}],"predecessor-version":[{"id":9092,"href":"https:\/\/www.piedicavalloinfo.it\/wordpress\/wp-json\/wp\/v2\/pages\/2446\/revisions\/9092"}],"wp:featuredmedia":[{"embeddable":true,"href":"https:\/\/www.piedicavalloinfo.it\/wordpress\/wp-json\/wp\/v2\/media\/4980"}],"wp:attachment":[{"href":"https:\/\/www.piedicavalloinfo.it\/wordpress\/wp-json\/wp\/v2\/media?parent=2446"}],"curies":[{"name":"wp","href":"https:\/\/api.w.org\/{rel}","templated":true}]}}