{"id":2460,"date":"2018-10-18T11:47:40","date_gmt":"2018-10-18T09:47:40","guid":{"rendered":"http:\/\/www.piedicavalloinfo.it\/wordpress\/?page_id=2460"},"modified":"2021-06-22T09:55:30","modified_gmt":"2021-06-22T07:55:30","slug":"intorno-a-noi","status":"publish","type":"page","link":"https:\/\/www.piedicavalloinfo.it\/wordpress\/intorno-a-noi\/","title":{"rendered":"intorno a noi"},"content":{"rendered":"<p>[et_pb_section fb_built=&#8221;1&#8243; _builder_version=&#8221;3.17.1&#8243; background_image=&#8221;http:\/\/www.piedicavalloinfo.it\/wordpress\/wp-content\/uploads\/2019\/02\/500_7.jpg&#8221; custom_padding=&#8221;0px|0px|100px|0px|false|false&#8221;][\/et_pb_section][et_pb_section fb_built=&#8221;1&#8243; _builder_version=&#8221;3.17.1&#8243; custom_padding=&#8221;0px|0px|124px|0px|false|false&#8221;][et_pb_row custom_padding=&#8221;21.5167px|0px|0|0px|false|false&#8221; _builder_version=&#8221;3.17.1&#8243;][et_pb_column type=&#8221;4_4&#8243; _builder_version=&#8221;3.17.1&#8243; parallax=&#8221;off&#8221; parallax_method=&#8221;on&#8221;][et_pb_text _builder_version=&#8221;3.17.1&#8243;]<\/p>\n<h3><span style=\"color: #047f04;\"><strong><span style=\"color: #f9912c;\">Intorno a noi<\/span><br \/>\n<\/strong><\/span><\/h3>\n<p>[\/et_pb_text][\/et_pb_column][\/et_pb_row][et_pb_row _builder_version=&#8221;3.17.1&#8243; custom_padding=&#8221;27px|0px|79px|0px|false|false&#8221;][et_pb_column type=&#8221;4_4&#8243; _builder_version=&#8221;3.17.1&#8243; parallax=&#8221;off&#8221; parallax_method=&#8221;on&#8221;][et_pb_text _builder_version=&#8221;3.17.1&#8243;]<strong>Avete gi\u00e0 esplorato tutte le possibilit\u00e0 che Piedicavallo offre?<\/strong> Niente paura!<br \/>\nPoco distante dal paese sono presenti attivit\u00e0 adatte a tutta la famiglia: avrete solo l\u2019imbarazzo della scelta!<br \/>\n[\/et_pb_text][\/et_pb_column][\/et_pb_row][et_pb_row custom_padding=&#8221;0|0px|0|0px|false|false&#8221; module_class=&#8221;et_pb_gutters1 et_pb_row_fullwidth&#8221; _builder_version=&#8221;3.17.1&#8243;][et_pb_column type=&#8221;1_3&#8243; _builder_version=&#8221;3.17.1&#8243; parallax=&#8221;off&#8221; parallax_method=&#8221;on&#8221;][et_pb_slider _builder_version=&#8221;3.17.1&#8243;][et_pb_slide button_text=&#8221;Casa Museo di Rosazza&#8221; button_link=&#8221;http:\/\/www.piedicavalloinfo.it\/wordpress\/casa-museo\/&#8221; _builder_version=&#8221;3.17.1&#8243; background_image=&#8221;http:\/\/www.piedicavalloinfo.it\/wordpress\/wp-content\/uploads\/2019\/04\/07_a.jpg&#8221;][\/et_pb_slide][\/et_pb_slider][\/et_pb_column][et_pb_column type=&#8221;1_3&#8243; _builder_version=&#8221;3.17.1&#8243; parallax=&#8221;off&#8221; parallax_method=&#8221;on&#8221;][et_pb_slider _builder_version=&#8221;3.17.1&#8243;][et_pb_slide button_text=&#8221;Santuario San Giovanni&#8221; button_link=&#8221;http:\/\/www.piedicavalloinfo.it\/wordpress\/san-giovanni\/&#8221; _builder_version=&#8221;3.17.1&#8243; background_image=&#8221;http:\/\/www.piedicavalloinfo.it\/wordpress\/wp-content\/uploads\/2019\/04\/08_a.jpg&#8221;][\/et_pb_slide][\/et_pb_slider][\/et_pb_column][et_pb_column type=&#8221;1_3&#8243; _builder_version=&#8221;3.17.1&#8243; parallax=&#8221;off&#8221; parallax_method=&#8221;on&#8221;][et_pb_slider _builder_version=&#8221;3.17.1&#8243;][et_pb_slide button_text=&#8221;Santuario di Oropa&#8221; button_link=&#8221;http:\/\/www.piedicavalloinfo.it\/wordpress\/oropa\/&#8221; _builder_version=&#8221;3.17.1&#8243; background_image=&#8221;http:\/\/www.piedicavalloinfo.it\/wordpress\/wp-content\/uploads\/2019\/04\/09_a.jpg&#8221;][\/et_pb_slide][\/et_pb_slider][\/et_pb_column][\/et_pb_row][et_pb_row custom_padding=&#8221;0|0px|0|0px|false|false&#8221; module_class=&#8221;et_pb_gutters1 et_pb_row_fullwidth&#8221; _builder_version=&#8221;3.17.1&#8243;][et_pb_column type=&#8221;1_2&#8243; _builder_version=&#8221;3.17.1&#8243; parallax=&#8221;off&#8221; parallax_method=&#8221;on&#8221;][et_pb_slider _builder_version=&#8221;3.17.1&#8243;][et_pb_slide button_text=&#8221;Oasi Zegna&#8221; button_link=&#8221;http:\/\/www.piedicavalloinfo.it\/wordpress\/oasi-zegna\/&#8221; _builder_version=&#8221;3.17.1&#8243; background_image=&#8221;http:\/\/www.piedicavalloinfo.it\/wordpress\/wp-content\/uploads\/2019\/05\/12_a.jpg&#8221;][\/et_pb_slide][\/et_pb_slider][\/et_pb_column][et_pb_column type=&#8221;1_2&#8243; _builder_version=&#8221;3.17.1&#8243; parallax=&#8221;off&#8221; parallax_method=&#8221;on&#8221;][et_pb_slider _builder_version=&#8221;3.17.1&#8243;][et_pb_slide button_text=&#8221;Bielmonte&#8221; button_link=&#8221;http:\/\/www.piedicavalloinfo.it\/wordpress\/bielmonte\/&#8221; _builder_version=&#8221;3.17.1&#8243; background_image=&#8221;http:\/\/www.piedicavalloinfo.it\/wordpress\/wp-content\/uploads\/2019\/04\/10_a.jpg&#8221;][\/et_pb_slide][\/et_pb_slider][\/et_pb_column][\/et_pb_row][\/et_pb_section]<\/p>\n","protected":false},"excerpt":{"rendered":"<p>Intorno a noi Avete gi\u00e0 esplorato tutte le possibilit\u00e0 che Piedicavallo offre? Niente paura! Poco distante dal paese sono presenti attivit\u00e0 adatte a tutta la famiglia: avrete solo l\u2019imbarazzo della scelta!<\/p>\n","protected":false},"author":1,"featured_media":5241,"parent":0,"menu_order":0,"comment_status":"closed","ping_status":"closed","template":"","meta":{"_et_pb_use_builder":"on","_et_pb_old_content":"","_et_gb_content_width":"","om_disable_all_campaigns":false,"_monsterinsights_skip_tracking":false,"_monsterinsights_sitenote_active":false,"_monsterinsights_sitenote_note":"","_monsterinsights_sitenote_category":0,"_uf_show_specific_survey":0,"_uf_disable_surveys":false},"aioseo_notices":[],"yoast_head":"<!-- This site is optimized with the Yoast SEO plugin v21.8 - https:\/\/yoast.com\/wordpress\/plugins\/seo\/ -->\n<title>Punti di interesse intorno a noi | Piedicavalloinfo<\/title>\n<meta name=\"description\" content=\"Se le attivit\u00e0 e le avventure di Piedicavallo e Montesinaro non fossero sufficienti, ecco una lista di punti di interess che si trovano intorno a noi.\" \/>\n<meta name=\"robots\" content=\"index, follow, max-snippet:-1, max-image-preview:large, max-video-preview:-1\" \/>\n<link rel=\"canonical\" href=\"https:\/\/www.piedicavalloinfo.it\/wordpress\/intorno-a-noi\/\" \/>\n<meta property=\"og:locale\" content=\"it_IT\" \/>\n<meta property=\"og:type\" content=\"article\" \/>\n<meta property=\"og:title\" content=\"Punti di interesse intorno a noi | Piedicavalloinfo\" \/>\n<meta property=\"og:description\" content=\"Se le attivit\u00e0 e le avventure di Piedicavallo e Montesinaro non fossero sufficienti, ecco una lista di punti di interess che si trovano intorno a noi.\" \/>\n<meta property=\"og:url\" content=\"https:\/\/www.piedicavalloinfo.it\/wordpress\/intorno-a-noi\/\" \/>\n<meta property=\"og:site_name\" content=\"Piedicavallo Info - Il sito turistico\" \/>\n<meta property=\"article:publisher\" content=\"https:\/\/www.facebook.com\/Piedicavalloinfo.it\/\" \/>\n<meta property=\"article:modified_time\" content=\"2021-06-22T07:55:30+00:00\" \/>\n<meta property=\"og:image\" content=\"https:\/\/www.piedicavalloinfo.it\/wordpress\/wp-content\/uploads\/2019\/07\/Progetto-senza-titolo-3-1.png\" \/>\n\t<meta property=\"og:image:width\" content=\"1200\" \/>\n\t<meta property=\"og:image:height\" content=\"630\" \/>\n\t<meta property=\"og:image:type\" content=\"image\/png\" \/>\n<meta name=\"twitter:card\" content=\"summary_large_image\" \/>\n<meta name=\"twitter:label1\" content=\"Tempo di lettura stimato\" \/>\n\t<meta name=\"twitter:data1\" content=\"2 minuti\" \/>\n<script type=\"application\/ld+json\" class=\"yoast-schema-graph\">{\"@context\":\"https:\/\/schema.org\",\"@graph\":[{\"@type\":\"WebPage\",\"@id\":\"https:\/\/www.piedicavalloinfo.it\/wordpress\/intorno-a-noi\/\",\"url\":\"https:\/\/www.piedicavalloinfo.it\/wordpress\/intorno-a-noi\/\",\"name\":\"Punti di interesse intorno a noi | Piedicavalloinfo\",\"isPartOf\":{\"@id\":\"https:\/\/www.piedicavalloinfo.it\/wordpress\/#website\"},\"datePublished\":\"2018-10-18T09:47:40+00:00\",\"dateModified\":\"2021-06-22T07:55:30+00:00\",\"description\":\"Se le attivit\u00e0 e le avventure di Piedicavallo e Montesinaro non fossero sufficienti, ecco una lista di punti di interess che si trovano intorno a noi.\",\"breadcrumb\":{\"@id\":\"https:\/\/www.piedicavalloinfo.it\/wordpress\/intorno-a-noi\/#breadcrumb\"},\"inLanguage\":\"it-IT\",\"potentialAction\":[{\"@type\":\"ReadAction\",\"target\":[\"https:\/\/www.piedicavalloinfo.it\/wordpress\/intorno-a-noi\/\"]}]},{\"@type\":\"BreadcrumbList\",\"@id\":\"https:\/\/www.piedicavalloinfo.it\/wordpress\/intorno-a-noi\/#breadcrumb\",\"itemListElement\":[{\"@type\":\"ListItem\",\"position\":1,\"name\":\"Home\",\"item\":\"https:\/\/www.piedicavalloinfo.it\/wordpress\/\"},{\"@type\":\"ListItem\",\"position\":2,\"name\":\"intorno a noi\"}]},{\"@type\":\"WebSite\",\"@id\":\"https:\/\/www.piedicavalloinfo.it\/wordpress\/#website\",\"url\":\"https:\/\/www.piedicavalloinfo.it\/wordpress\/\",\"name\":\"Piedicavallo Info - Il sito turistico\",\"description\":\"\",\"publisher\":{\"@id\":\"https:\/\/www.piedicavalloinfo.it\/wordpress\/#organization\"},\"potentialAction\":[{\"@type\":\"SearchAction\",\"target\":{\"@type\":\"EntryPoint\",\"urlTemplate\":\"https:\/\/www.piedicavalloinfo.it\/wordpress\/?s={search_term_string}\"},\"query-input\":\"required name=search_term_string\"}],\"inLanguage\":\"it-IT\"},{\"@type\":\"Organization\",\"@id\":\"https:\/\/www.piedicavalloinfo.it\/wordpress\/#organization\",\"name\":\"Piedicavallo Info\",\"url\":\"https:\/\/www.piedicavalloinfo.it\/wordpress\/\",\"logo\":{\"@type\":\"ImageObject\",\"inLanguage\":\"it-IT\",\"@id\":\"https:\/\/www.piedicavalloinfo.it\/wordpress\/#\/schema\/logo\/image\/\",\"url\":\"http:\/\/www.piedicavalloinfo.it\/wordpress\/wp-content\/uploads\/2019\/06\/logovers03.png\",\"contentUrl\":\"http:\/\/www.piedicavalloinfo.it\/wordpress\/wp-content\/uploads\/2019\/06\/logovers03.png\",\"width\":406,\"height\":232,\"caption\":\"Piedicavallo Info\"},\"image\":{\"@id\":\"https:\/\/www.piedicavalloinfo.it\/wordpress\/#\/schema\/logo\/image\/\"},\"sameAs\":[\"https:\/\/www.facebook.com\/Piedicavalloinfo.it\/\",\"https:\/\/www.instagram.com\/piedicavalloinfo\/\"]}]}<\/script>\n<!-- \/ Yoast SEO plugin. -->","yoast_head_json":{"title":"Punti di interesse intorno a noi | Piedicavalloinfo","description":"Se le attivit\u00e0 e le avventure di Piedicavallo e Montesinaro non fossero sufficienti, ecco una lista di punti di interess che si trovano intorno a noi.","robots":{"index":"index","follow":"follow","max-snippet":"max-snippet:-1","max-image-preview":"max-image-preview:large","max-video-preview":"max-video-preview:-1"},"canonical":"https:\/\/www.piedicavalloinfo.it\/wordpress\/intorno-a-noi\/","og_locale":"it_IT","og_type":"article","og_title":"Punti di interesse intorno a noi | Piedicavalloinfo","og_description":"Se le attivit\u00e0 e le avventure di Piedicavallo e Montesinaro non fossero sufficienti, ecco una lista di punti di interess che si trovano intorno a noi.","og_url":"https:\/\/www.piedicavalloinfo.it\/wordpress\/intorno-a-noi\/","og_site_name":"Piedicavallo Info - Il sito turistico","article_publisher":"https:\/\/www.facebook.com\/Piedicavalloinfo.it\/","article_modified_time":"2021-06-22T07:55:30+00:00","og_image":[{"width":1200,"height":630,"url":"https:\/\/www.piedicavalloinfo.it\/wordpress\/wp-content\/uploads\/2019\/07\/Progetto-senza-titolo-3-1.png","type":"image\/png"}],"twitter_card":"summary_large_image","twitter_misc":{"Tempo di lettura stimato":"2 minuti"},"schema":{"@context":"https:\/\/schema.org","@graph":[{"@type":"WebPage","@id":"https:\/\/www.piedicavalloinfo.it\/wordpress\/intorno-a-noi\/","url":"https:\/\/www.piedicavalloinfo.it\/wordpress\/intorno-a-noi\/","name":"Punti di interesse intorno a noi | Piedicavalloinfo","isPartOf":{"@id":"https:\/\/www.piedicavalloinfo.it\/wordpress\/#website"},"datePublished":"2018-10-18T09:47:40+00:00","dateModified":"2021-06-22T07:55:30+00:00","description":"Se le attivit\u00e0 e le avventure di Piedicavallo e Montesinaro non fossero sufficienti, ecco una lista di punti di interess che si trovano intorno a noi.","breadcrumb":{"@id":"https:\/\/www.piedicavalloinfo.it\/wordpress\/intorno-a-noi\/#breadcrumb"},"inLanguage":"it-IT","potentialAction":[{"@type":"ReadAction","target":["https:\/\/www.piedicavalloinfo.it\/wordpress\/intorno-a-noi\/"]}]},{"@type":"BreadcrumbList","@id":"https:\/\/www.piedicavalloinfo.it\/wordpress\/intorno-a-noi\/#breadcrumb","itemListElement":[{"@type":"ListItem","position":1,"name":"Home","item":"https:\/\/www.piedicavalloinfo.it\/wordpress\/"},{"@type":"ListItem","position":2,"name":"intorno a noi"}]},{"@type":"WebSite","@id":"https:\/\/www.piedicavalloinfo.it\/wordpress\/#website","url":"https:\/\/www.piedicavalloinfo.it\/wordpress\/","name":"Piedicavallo Info - Il sito turistico","description":"","publisher":{"@id":"https:\/\/www.piedicavalloinfo.it\/wordpress\/#organization"},"potentialAction":[{"@type":"SearchAction","target":{"@type":"EntryPoint","urlTemplate":"https:\/\/www.piedicavalloinfo.it\/wordpress\/?s={search_term_string}"},"query-input":"required name=search_term_string"}],"inLanguage":"it-IT"},{"@type":"Organization","@id":"https:\/\/www.piedicavalloinfo.it\/wordpress\/#organization","name":"Piedicavallo Info","url":"https:\/\/www.piedicavalloinfo.it\/wordpress\/","logo":{"@type":"ImageObject","inLanguage":"it-IT","@id":"https:\/\/www.piedicavalloinfo.it\/wordpress\/#\/schema\/logo\/image\/","url":"http:\/\/www.piedicavalloinfo.it\/wordpress\/wp-content\/uploads\/2019\/06\/logovers03.png","contentUrl":"http:\/\/www.piedicavalloinfo.it\/wordpress\/wp-content\/uploads\/2019\/06\/logovers03.png","width":406,"height":232,"caption":"Piedicavallo Info"},"image":{"@id":"https:\/\/www.piedicavalloinfo.it\/wordpress\/#\/schema\/logo\/image\/"},"sameAs":["https:\/\/www.facebook.com\/Piedicavalloinfo.it\/","https:\/\/www.instagram.com\/piedicavalloinfo\/"]}]}},"_links":{"self":[{"href":"https:\/\/www.piedicavalloinfo.it\/wordpress\/wp-json\/wp\/v2\/pages\/2460"}],"collection":[{"href":"https:\/\/www.piedicavalloinfo.it\/wordpress\/wp-json\/wp\/v2\/pages"}],"about":[{"href":"https:\/\/www.piedicavalloinfo.it\/wordpress\/wp-json\/wp\/v2\/types\/page"}],"author":[{"embeddable":true,"href":"https:\/\/www.piedicavalloinfo.it\/wordpress\/wp-json\/wp\/v2\/users\/1"}],"replies":[{"embeddable":true,"href":"https:\/\/www.piedicavalloinfo.it\/wordpress\/wp-json\/wp\/v2\/comments?post=2460"}],"version-history":[{"count":15,"href":"https:\/\/www.piedicavalloinfo.it\/wordpress\/wp-json\/wp\/v2\/pages\/2460\/revisions"}],"predecessor-version":[{"id":6214,"href":"https:\/\/www.piedicavalloinfo.it\/wordpress\/wp-json\/wp\/v2\/pages\/2460\/revisions\/6214"}],"wp:featuredmedia":[{"embeddable":true,"href":"https:\/\/www.piedicavalloinfo.it\/wordpress\/wp-json\/wp\/v2\/media\/5241"}],"wp:attachment":[{"href":"https:\/\/www.piedicavalloinfo.it\/wordpress\/wp-json\/wp\/v2\/media?parent=2460"}],"curies":[{"name":"wp","href":"https:\/\/api.w.org\/{rel}","templated":true}]}}